{"id":1276,"date":"2020-07-31T12:46:03","date_gmt":"2020-07-31T15:46:03","guid":{"rendered":"http:\/\/escoladeprogramadores.com.br\/site\/?page_id=1276"},"modified":"2025-08-18T20:20:13","modified_gmt":"2025-08-18T23:20:13","slug":"icetool-sort-avancado","status":"publish","type":"page","link":"https:\/\/escoladeprogramadores.com.br\/2025\/icetool-sort-avancado\/","title":{"rendered":"Icetool-Sort Avan\u00e7ado"},"content":{"rendered":"\t\t<div data-elementor-type=\"wp-page\" data-elementor-id=\"1276\" class=\"elementor elementor-1276\">\n\t\t\t\t\t\t<section class=\"elementor-section elementor-top-section elementor-element elementor-element-78e35013 elementor-section-boxed elementor-section-height-default elementor-section-height-default\" data-id=\"78e35013\" data-element_type=\"section\">\n\t\t\t\t\t\t<div class=\"elementor-container elementor-column-gap-default\">\n\t\t\t\t\t<div class=\"elementor-column elementor-col-50 elementor-top-column elementor-element elementor-element-2ace1e45\" data-id=\"2ace1e45\" data-element_type=\"column\">\n\t\t\t<div class=\"elementor-widget-wrap elementor-element-populated\">\n\t\t\t\t\t\t<div class=\"elementor-element elementor-element-12628a0f elementor-widget elementor-widget-image\" data-id=\"12628a0f\" data-element_type=\"widget\" data-widget_type=\"image.default\">\n\t\t\t\t<div class=\"elementor-widget-container\">\n\t\t\t\t\t\t\t\t\t\t\t\t\t\t\t<img fetchpriority=\"high\" decoding=\"async\" width=\"340\" height=\"171\" src=\"https:\/\/escoladeprogramadores.com.br\/2025\/wp-content\/uploads\/2020\/07\/Icetool-sort-avancado_2.jpg\" class=\"attachment-large size-large wp-image-1274\" alt=\"\" srcset=\"https:\/\/escoladeprogramadores.com.br\/2025\/wp-content\/uploads\/2020\/07\/Icetool-sort-avancado_2.jpg 340w, https:\/\/escoladeprogramadores.com.br\/2025\/wp-content\/uploads\/2020\/07\/Icetool-sort-avancado_2-300x151.jpg 300w\" sizes=\"(max-width: 340px) 100vw, 340px\" \/>\t\t\t\t\t\t\t\t\t\t\t\t\t\t\t<\/div>\n\t\t\t\t<\/div>\n\t\t\t\t\t<\/div>\n\t\t<\/div>\n\t\t\t\t<div class=\"elementor-column elementor-col-50 elementor-top-column elementor-element elementor-element-3c6e87eb\" data-id=\"3c6e87eb\" data-element_type=\"column\">\n\t\t\t<div class=\"elementor-widget-wrap elementor-element-populated\">\n\t\t\t\t\t\t<div class=\"elementor-element elementor-element-a1b4b35 elementor-widget elementor-widget-text-editor\" data-id=\"a1b4b35\" data-element_type=\"widget\" data-widget_type=\"text-editor.default\">\n\t\t\t\t<div class=\"elementor-widget-container\">\n\t\t\t\t\t\t\t\t\t<h1><strong>Valor do curso <br \/><span style=\"color: #ff0000;\">R$ 129,00 <span style=\"font-size: 16px;\"> (em at\u00e9 4x) <\/span> <\/span><\/strong><\/h1><p>Instrutor: Ivan<\/p>\t\t\t\t\t\t\t\t<\/div>\n\t\t\t\t<\/div>\n\t\t\t\t\t<\/div>\n\t\t<\/div>\n\t\t\t\t\t<\/div>\n\t\t<\/section>\n\t\t\t\t<section class=\"elementor-section elementor-top-section elementor-element elementor-element-628cefd7 elementor-section-boxed elementor-section-height-default elementor-section-height-default\" data-id=\"628cefd7\" data-element_type=\"section\">\n\t\t\t\t\t\t<div class=\"elementor-container elementor-column-gap-default\">\n\t\t\t\t\t<div class=\"elementor-column elementor-col-100 elementor-top-column elementor-element elementor-element-23ee9692\" data-id=\"23ee9692\" data-element_type=\"column\">\n\t\t\t<div class=\"elementor-widget-wrap elementor-element-populated\">\n\t\t\t\t\t\t<div class=\"elementor-element elementor-element-7855f454 elementor-tabs-view-horizontal elementor-widget elementor-widget-tabs\" data-id=\"7855f454\" data-element_type=\"widget\" data-widget_type=\"tabs.default\">\n\t\t\t\t<div class=\"elementor-widget-container\">\n\t\t\t\t\t\t\t<div class=\"elementor-tabs\">\n\t\t\t<div class=\"elementor-tabs-wrapper\" role=\"tablist\" >\n\t\t\t\t\t\t\t\t\t<div id=\"elementor-tab-title-2011\" class=\"elementor-tab-title elementor-tab-desktop-title\" aria-selected=\"true\" data-tab=\"1\" role=\"tab\" tabindex=\"0\" aria-controls=\"elementor-tab-content-2011\" aria-expanded=\"false\">Sobre o curso<\/div>\n\t\t\t\t\t\t\t\t\t<div id=\"elementor-tab-title-2012\" class=\"elementor-tab-title elementor-tab-desktop-title\" aria-selected=\"false\" data-tab=\"2\" role=\"tab\" tabindex=\"-1\" aria-controls=\"elementor-tab-content-2012\" aria-expanded=\"false\">Conteudos abordados<\/div>\n\t\t\t\t\t\t\t\t\t<div id=\"elementor-tab-title-2013\" class=\"elementor-tab-title elementor-tab-desktop-title\" aria-selected=\"false\" data-tab=\"3\" role=\"tab\" tabindex=\"-1\" aria-controls=\"elementor-tab-content-2013\" aria-expanded=\"false\">Como funciona o curso !<\/div>\n\t\t\t\t\t\t\t\t\t<div id=\"elementor-tab-title-2014\" class=\"elementor-tab-title elementor-tab-desktop-title\" aria-selected=\"false\" data-tab=\"4\" role=\"tab\" tabindex=\"-1\" aria-controls=\"elementor-tab-content-2014\" aria-expanded=\"false\">Curriculo dos instrutores<\/div>\n\t\t\t\t\t\t\t\t\t<div id=\"elementor-tab-title-2015\" class=\"elementor-tab-title elementor-tab-desktop-title\" aria-selected=\"false\" data-tab=\"5\" role=\"tab\" tabindex=\"-1\" aria-controls=\"elementor-tab-content-2015\" aria-expanded=\"false\">Aula Aberta<\/div>\n\t\t\t\t\t\t\t<\/div>\n\t\t\t<div class=\"elementor-tabs-content-wrapper\" role=\"tablist\" aria-orientation=\"vertical\">\n\t\t\t\t\t\t\t\t\t<div class=\"elementor-tab-title elementor-tab-mobile-title\" aria-selected=\"true\" data-tab=\"1\" role=\"tab\" tabindex=\"0\" aria-controls=\"elementor-tab-content-2011\" aria-expanded=\"false\">Sobre o curso<\/div>\n\t\t\t\t\t<div id=\"elementor-tab-content-2011\" class=\"elementor-tab-content elementor-clearfix\" data-tab=\"1\" role=\"tabpanel\" aria-labelledby=\"elementor-tab-title-2011\" tabindex=\"0\" hidden=\"false\"><div>\n<div>\n<h5><strong>Objetivo<\/strong><\/h5>\n<p>Mostrar recursos avan\u00e7ados para manuten\u00e7\u00e3o de dados em datasets com Icetool e Sort.<\/p>\n<h5><strong>Publico Alvo<\/strong><\/h5>\n<p>Suporte, Produ\u00e7\u00e3o e Desenvolvimento&nbsp;<\/p>\n<\/div>\n<h5><strong>Pr\u00e9-Requisitos<\/strong><\/h5>\n<p>Conhecimento de TSO, JCL e DFSort b\u00e1sico<\/p>\n<h5><strong>Equipamentos necess\u00e1rios:<\/strong><\/h5>\n<p>Computador ou tablet com acesso a qualquer navegador WEB com 1GB mem\u00f3ria<\/p>\n<div>\n<h5><strong>Carga Horaria: <\/strong><\/h5>\n<p>04 horas &#8211; <strong>As video aulas s\u00e3o vitalicias<\/strong><\/p>\n<p>Todo o conteudo \u00e9 ministrado com video-aulas onde professor conduz cada aula com a conceituacao teorica e em seguida propoe a atividade pratica , que poder\u00e1 ser feita (dependendo do curso) na maquina do aluno ou em um ambiente PRATICO que o aluno possua acesso.<\/p>\n<p>(Nesse curso n\u00e3o disponibilizamos laborat\u00f3rio pr\u00e1tico)<\/p>\n<p><b>Observa\u00e7\u00e3o: <\/b>O acesso as aulas ser\u00e1 enviado por email em at\u00e9 04 (quatro) horas ap\u00f3s a confirma\u00e7\u00e3o da compra.&nbsp;<\/p>\n<p><br><\/p><\/div><\/div><\/div>\n\t\t\t\t\t\t\t\t\t<div class=\"elementor-tab-title elementor-tab-mobile-title\" aria-selected=\"false\" data-tab=\"2\" role=\"tab\" tabindex=\"-1\" aria-controls=\"elementor-tab-content-2012\" aria-expanded=\"false\">Conteudos abordados<\/div>\n\t\t\t\t\t<div id=\"elementor-tab-content-2012\" class=\"elementor-tab-content elementor-clearfix\" data-tab=\"2\" role=\"tabpanel\" aria-labelledby=\"elementor-tab-title-2012\" tabindex=\"0\" hidden=\"hidden\"><h4><span style=\"color: #000000;\"><strong>M\u00f3dulo: Icetool e Sort Avancado<br \/><\/strong><\/span><\/h4><ul><li><p>Altseq &#8211; Alterando dados de valores EBCDIC<\/p><\/li><li><p>Date &#8211; Filtrando dados por Data<\/p><\/li><li><p>Joinkey &#8211; Selecao de dados com mais de um dataset<\/p><\/li><li><p>PARSE &#8211; Lendo datasets vari\u00e1veis<\/p><\/li><li><p>FindRep &#8211; Procurando e trocados dados<\/p><\/li><li><p>HEX &#8211; Convertendo EBCID em Hexadecimal<\/p><\/li><li><p>EQNUM &#8211; Validando valores numericos no dataset<\/p><\/li><li><p>SYMNAMES &#8211; Referencias simbolicas de layout<\/p><\/li><li><p>RESIZE &#8211; Redimensionanto layout de dataset<\/p><\/li><li><p>TERSE &#8211; Compactando datasets em at\u00e9 90%<\/p><\/li><li><p>SPLIT &#8211; Dividindo arquivos<\/p><\/li><\/ul><div id=\"kpm-root\" class=\"kpm_LTR\">\u00a0<\/div><div id=\"kpm-root\" class=\"kpm_LTR\">\u00a0<\/div><div id=\"kpm-root\" class=\"kpm_LTR\">\u00a0<\/div><\/div>\n\t\t\t\t\t\t\t\t\t<div class=\"elementor-tab-title elementor-tab-mobile-title\" aria-selected=\"false\" data-tab=\"3\" role=\"tab\" tabindex=\"-1\" aria-controls=\"elementor-tab-content-2013\" aria-expanded=\"false\">Como funciona o curso !<\/div>\n\t\t\t\t\t<div id=\"elementor-tab-content-2013\" class=\"elementor-tab-content elementor-clearfix\" data-tab=\"3\" role=\"tabpanel\" aria-labelledby=\"elementor-tab-title-2013\" tabindex=\"0\" hidden=\"hidden\"><div style=\"padding: 52.81% 0 0 0; position: relative;\"><iframe style=\"position: absolute; top: 0; left: 0; width: 100%; height: 100%;\" data-src=\"https:\/\/player.vimeo.com\/video\/382325048?autoplay=0&amp;loop=0&amp;color=ffffff&amp;title=0&amp;byline=0&amp;portrait=0\" frameborder=\"0\" allowfullscreen=\"allowfullscreen\" src=\"data:image\/svg+xml;base64,PHN2ZyB3aWR0aD0iMSIgaGVpZ2h0PSIxIiB4bWxucz0iaHR0cDovL3d3dy53My5vcmcvMjAwMC9zdmciPjwvc3ZnPg==\" class=\"lazyload\" data-load-mode=\"1\"><\/iframe><\/div><p><script src=\"https:\/\/player.vimeo.com\/api\/player.js\"><\/script><\/p><div id=\"kpm-root\" class=\"kpm_LTR\">\u00a0<\/div><div id=\"kpm-root\" class=\"kpm_LTR\">\u00a0<\/div><div id=\"kpm-root\" class=\"kpm_LTR\">\u00a0<\/div><\/div>\n\t\t\t\t\t\t\t\t\t<div class=\"elementor-tab-title elementor-tab-mobile-title\" aria-selected=\"false\" data-tab=\"4\" role=\"tab\" tabindex=\"-1\" aria-controls=\"elementor-tab-content-2014\" aria-expanded=\"false\">Curriculo dos instrutores<\/div>\n\t\t\t\t\t<div id=\"elementor-tab-content-2014\" class=\"elementor-tab-content elementor-clearfix\" data-tab=\"4\" role=\"tabpanel\" aria-labelledby=\"elementor-tab-title-2014\" tabindex=\"0\" hidden=\"hidden\"><p><img decoding=\"async\" class=\"alignnone wp-image-1239 lazyload\" data-src=\"http:\/\/escoladeprogramadores.com.br\/site\/wp-content\/uploads\/2020\/07\/webcam-toy-photo13-1-268x300.jpg\" alt=\"\" width=\"81\" height=\"91\" data-srcset=\"https:\/\/escoladeprogramadores.com.br\/2025\/wp-content\/uploads\/2020\/07\/webcam-toy-photo13-1-268x300.jpg 268w, https:\/\/escoladeprogramadores.com.br\/2025\/wp-content\/uploads\/2020\/07\/webcam-toy-photo13-1.jpg 428w\" data-sizes=\"(max-width: 81px) 100vw, 81px\" src=\"data:image\/svg+xml;base64,PHN2ZyB3aWR0aD0iMSIgaGVpZ2h0PSIxIiB4bWxucz0iaHR0cDovL3d3dy53My5vcmcvMjAwMC9zdmciPjwvc3ZnPg==\" style=\"--smush-placeholder-width: 81px; --smush-placeholder-aspect-ratio: 81\/91;\" \/> <strong>Ivan Petrucci<\/strong><\/p><p>Ivan Petrucci \u00e9 p\u00f3s-graduado em Desenvolvimento Mobile. Possui certifica\u00e7\u00f5es Microsoft, Oracle e IBM. Atua como consultor de tecnologia e desenvolvedor de sistemas em PHP, JAVA, Phyton e Mainframe (Cobol, VSAM, DB2, CICS, Assembler). Atualmente desenvolvendo solu\u00e7\u00f5es de troca de dados entre mainframe e plataforma open atrav\u00e9s de Hadoop e Spark.<br \/><span style=\"text-decoration: underline;\">Instrutor dos cursos de <strong>Cobol, CICS , JCL, Sort e Icetool<br \/><\/strong><\/span><\/p><div id=\"kpm-root\" class=\"kpm_LTR\">\u00a0<\/div><div id=\"kpm-root\" class=\"kpm_LTR\">\u00a0<\/div><div id=\"kpm-root\" class=\"kpm_LTR\">\u00a0<\/div><\/div>\n\t\t\t\t\t\t\t\t\t<div class=\"elementor-tab-title elementor-tab-mobile-title\" aria-selected=\"false\" data-tab=\"5\" role=\"tab\" tabindex=\"-1\" aria-controls=\"elementor-tab-content-2015\" aria-expanded=\"false\">Aula Aberta<\/div>\n\t\t\t\t\t<div id=\"elementor-tab-content-2015\" class=\"elementor-tab-content elementor-clearfix\" data-tab=\"5\" role=\"tabpanel\" aria-labelledby=\"elementor-tab-title-2015\" tabindex=\"0\" hidden=\"hidden\"><div style=\"padding: 52.81% 0 0 0; position: relative;\"><iframe style=\"position: absolute; top: 0; left: 0; width: 100%; height: 100%;\" data-src=\"https:\/\/player.vimeo.com\/video\/431948071?autoplay=0&amp;loop=0&amp;color=ffffff&amp;title=0&amp;byline=0&amp;portrait=0\" frameborder=\"0\" allowfullscreen=\"allowfullscreen\" src=\"data:image\/svg+xml;base64,PHN2ZyB3aWR0aD0iMSIgaGVpZ2h0PSIxIiB4bWxucz0iaHR0cDovL3d3dy53My5vcmcvMjAwMC9zdmciPjwvc3ZnPg==\" class=\"lazyload\" data-load-mode=\"1\"><\/iframe><\/div><p><script src=\"https:\/\/player.vimeo.com\/api\/player.js\"><\/script><\/p><div id=\"kpm-root\" class=\"kpm_LTR\">\u00a0<\/div><div id=\"kpm-root\" class=\"kpm_LTR\">\u00a0<\/div><div id=\"kpm-root\" class=\"kpm_LTR\">\u00a0<\/div><div id=\"kpm-root\" class=\"kpm_LTR\">\u00a0<\/div><\/div>\n\t\t\t\t\t\t\t<\/div>\n\t\t<\/div>\n\t\t\t\t\t\t<\/div>\n\t\t\t\t<\/div>\n\t\t\t\t\t<\/div>\n\t\t<\/div>\n\t\t\t\t\t<\/div>\n\t\t<\/section>\n\t\t\t\t<section class=\"elementor-section elementor-top-section elementor-element elementor-element-216ce41c elementor-section-boxed elementor-section-height-default elementor-section-height-default\" data-id=\"216ce41c\" data-element_type=\"section\">\n\t\t\t\t\t\t<div class=\"elementor-container elementor-column-gap-default\">\n\t\t\t\t\t<div class=\"elementor-column elementor-col-100 elementor-top-column elementor-element elementor-element-36cd2eb\" data-id=\"36cd2eb\" data-element_type=\"column\">\n\t\t\t<div class=\"elementor-widget-wrap\">\n\t\t\t\t\t\t\t<\/div>\n\t\t<\/div>\n\t\t\t\t\t<\/div>\n\t\t<\/section>\n\t\t\t\t<section class=\"elementor-section elementor-top-section elementor-element elementor-element-6f7c4db7 elementor-section-boxed elementor-section-height-default elementor-section-height-default\" data-id=\"6f7c4db7\" data-element_type=\"section\">\n\t\t\t\t\t\t<div class=\"elementor-container elementor-column-gap-default\">\n\t\t\t\t\t<div class=\"elementor-column elementor-col-100 elementor-top-column elementor-element elementor-element-579743e4\" data-id=\"579743e4\" data-element_type=\"column\">\n\t\t\t<div class=\"elementor-widget-wrap elementor-element-populated\">\n\t\t\t\t\t\t<div class=\"elementor-element elementor-element-6762a35 elementor-widget elementor-widget-html\" data-id=\"6762a35\" data-element_type=\"widget\" data-widget_type=\"html.default\">\n\t\t\t\t<div class=\"elementor-widget-container\">\n\t\t\t\t\t<!-- INICIO DO BOTAO PAGSEGURO --><a href=\"https:\/\/pag.ae\/7_YfzjN2L\/button\" target=\"_blank\" title=\"Pagar com PagSeguro\"><img decoding=\"async\" data-src=\"\/\/assets.pagseguro.com.br\/ps-integration-assets\/botoes\/pagamentos\/205x30-pagar-azul.gif\" alt=\"Pague com PagSeguro - \u00e9 r\u00e1pido, gr\u00e1tis e seguro!\" src=\"data:image\/svg+xml;base64,PHN2ZyB3aWR0aD0iMSIgaGVpZ2h0PSIxIiB4bWxucz0iaHR0cDovL3d3dy53My5vcmcvMjAwMC9zdmciPjwvc3ZnPg==\" class=\"lazyload\" \/><\/a><!-- FIM DO BOTAO PAGSEGURO -->\t\t\t\t<\/div>\n\t\t\t\t<\/div>\n\t\t\t\t<div class=\"elementor-element elementor-element-641422ea elementor-widget-divider--view-line elementor-widget elementor-widget-divider\" data-id=\"641422ea\" data-element_type=\"widget\" data-widget_type=\"divider.default\">\n\t\t\t\t<div class=\"elementor-widget-container\">\n\t\t\t\t\t\t\t<div class=\"elementor-divider\">\n\t\t\t<span class=\"elementor-divider-separator\">\n\t\t\t\t\t\t<\/span>\n\t\t<\/div>\n\t\t\t\t\t\t<\/div>\n\t\t\t\t<\/div>\n\t\t\t\t\t<\/div>\n\t\t<\/div>\n\t\t\t\t\t<\/div>\n\t\t<\/section>\n\t\t\t\t<section class=\"elementor-section elementor-top-section elementor-element elementor-element-46ff31c7 elementor-section-boxed elementor-section-height-default elementor-section-height-default\" data-id=\"46ff31c7\" data-element_type=\"section\">\n\t\t\t\t\t\t<div class=\"elementor-container elementor-column-gap-default\">\n\t\t\t\t\t<div class=\"elementor-column elementor-col-100 elementor-top-column elementor-element elementor-element-552d15f0\" data-id=\"552d15f0\" data-element_type=\"column\">\n\t\t\t<div class=\"elementor-widget-wrap elementor-element-populated\">\n\t\t\t\t\t\t<div class=\"elementor-element elementor-element-ae3c94e elementor-widget elementor-widget-text-editor\" data-id=\"ae3c94e\" data-element_type=\"widget\" data-widget_type=\"text-editor.default\">\n\t\t\t\t<div class=\"elementor-widget-container\">\n\t\t\t\t\t\t\t\t\t<p>\u00a0<\/p><p>\u00a0<\/p>\t\t\t\t\t\t\t\t<\/div>\n\t\t\t\t<\/div>\n\t\t\t\t\t<\/div>\n\t\t<\/div>\n\t\t\t\t\t<\/div>\n\t\t<\/section>\n\t\t\t\t<\/div>\n\t\t","protected":false},"excerpt":{"rendered":"<p>Valor do curso R$ 129,00 (em at\u00e9 4x) Instrutor: Ivan Sobre o curso Conteudos abordados Como funciona o curso ! Curriculo dos instrutores Aula Aberta Sobre o curso Objetivo Mostrar recursos avan\u00e7ados para manuten\u00e7\u00e3o de dados em datasets com Icetool e Sort. Publico Alvo Suporte, Produ\u00e7\u00e3o e Desenvolvimento&nbsp; Pr\u00e9-Requisitos Conhecimento&hellip;<\/p>\n","protected":false},"author":1,"featured_media":0,"parent":0,"menu_order":0,"comment_status":"closed","ping_status":"closed","template":"elementor_header_footer","meta":{"_monsterinsights_skip_tracking":false,"_monsterinsights_sitenote_active":false,"_monsterinsights_sitenote_note":"","_monsterinsights_sitenote_category":0,"footnotes":""},"class_list":["post-1276","page","type-page","status-publish","hentry"],"_links":{"self":[{"href":"https:\/\/escoladeprogramadores.com.br\/2025\/wp-json\/wp\/v2\/pages\/1276","targetHints":{"allow":["GET"]}}],"collection":[{"href":"https:\/\/escoladeprogramadores.com.br\/2025\/wp-json\/wp\/v2\/pages"}],"about":[{"href":"https:\/\/escoladeprogramadores.com.br\/2025\/wp-json\/wp\/v2\/types\/page"}],"author":[{"embeddable":true,"href":"https:\/\/escoladeprogramadores.com.br\/2025\/wp-json\/wp\/v2\/users\/1"}],"replies":[{"embeddable":true,"href":"https:\/\/escoladeprogramadores.com.br\/2025\/wp-json\/wp\/v2\/comments?post=1276"}],"version-history":[{"count":21,"href":"https:\/\/escoladeprogramadores.com.br\/2025\/wp-json\/wp\/v2\/pages\/1276\/revisions"}],"predecessor-version":[{"id":2716,"href":"https:\/\/escoladeprogramadores.com.br\/2025\/wp-json\/wp\/v2\/pages\/1276\/revisions\/2716"}],"wp:attachment":[{"href":"https:\/\/escoladeprogramadores.com.br\/2025\/wp-json\/wp\/v2\/media?parent=1276"}],"curies":[{"name":"wp","href":"https:\/\/api.w.org\/{rel}","templated":true}]}}