{"id":1494,"date":"2021-12-20T17:28:57","date_gmt":"2021-12-20T20:28:57","guid":{"rendered":"http:\/\/escoladeprogramadores.com.br\/site\/?page_id=1494"},"modified":"2021-12-20T17:56:43","modified_gmt":"2021-12-20T20:56:43","slug":"compiladores-cobol","status":"publish","type":"page","link":"https:\/\/escoladeprogramadores.com.br\/2025\/compiladores-cobol\/","title":{"rendered":"Compiladores COBOL"},"content":{"rendered":"\t\t<div data-elementor-type=\"wp-page\" data-elementor-id=\"1494\" class=\"elementor elementor-1494\">\n\t\t\t\t\t\t<section class=\"elementor-section elementor-top-section elementor-element elementor-element-249fff1 elementor-section-boxed elementor-section-height-default elementor-section-height-default\" data-id=\"249fff1\" data-element_type=\"section\">\n\t\t\t\t\t\t<div class=\"elementor-container elementor-column-gap-default\">\n\t\t\t\t\t<div class=\"elementor-column elementor-col-100 elementor-top-column elementor-element elementor-element-87987bc\" data-id=\"87987bc\" data-element_type=\"column\">\n\t\t\t<div class=\"elementor-widget-wrap elementor-element-populated\">\n\t\t\t\t\t\t<div class=\"elementor-element elementor-element-e925036 elementor-widget elementor-widget-heading\" data-id=\"e925036\" data-element_type=\"widget\" data-widget_type=\"heading.default\">\n\t\t\t\t<div class=\"elementor-widget-container\">\n\t\t\t\t\t<h2 class=\"elementor-heading-title elementor-size-default\">Compiladores Cobol<\/h2>\t\t\t\t<\/div>\n\t\t\t\t<\/div>\n\t\t\t\t\t<\/div>\n\t\t<\/div>\n\t\t\t\t\t<\/div>\n\t\t<\/section>\n\t\t\t\t<section class=\"elementor-section elementor-top-section elementor-element elementor-element-61a5499 elementor-section-boxed elementor-section-height-default elementor-section-height-default\" data-id=\"61a5499\" data-element_type=\"section\">\n\t\t\t\t\t\t<div class=\"elementor-container elementor-column-gap-default\">\n\t\t\t\t\t<div class=\"elementor-column elementor-col-100 elementor-top-column elementor-element elementor-element-07df631\" data-id=\"07df631\" data-element_type=\"column\">\n\t\t\t<div class=\"elementor-widget-wrap elementor-element-populated\">\n\t\t\t\t\t\t<div class=\"elementor-element elementor-element-6cc4c98 elementor-tabs-view-horizontal elementor-widget elementor-widget-tabs\" data-id=\"6cc4c98\" data-element_type=\"widget\" data-widget_type=\"tabs.default\">\n\t\t\t\t<div class=\"elementor-widget-container\">\n\t\t\t\t\t\t\t<div class=\"elementor-tabs\">\n\t\t\t<div class=\"elementor-tabs-wrapper\" role=\"tablist\" >\n\t\t\t\t\t\t\t\t\t<div id=\"elementor-tab-title-1141\" class=\"elementor-tab-title elementor-tab-desktop-title\" aria-selected=\"true\" data-tab=\"1\" role=\"tab\" tabindex=\"0\" aria-controls=\"elementor-tab-content-1141\" aria-expanded=\"false\">Compiladores ONLINE<\/div>\n\t\t\t\t\t\t\t\t\t<div id=\"elementor-tab-title-1142\" class=\"elementor-tab-title elementor-tab-desktop-title\" aria-selected=\"false\" data-tab=\"2\" role=\"tab\" tabindex=\"-1\" aria-controls=\"elementor-tab-content-1142\" aria-expanded=\"false\">Turnkey - Compilador Mainframe<\/div>\n\t\t\t\t\t\t\t\t\t<div id=\"elementor-tab-title-1143\" class=\"elementor-tab-title elementor-tab-desktop-title\" aria-selected=\"false\" data-tab=\"3\" role=\"tab\" tabindex=\"-1\" aria-controls=\"elementor-tab-content-1143\" aria-expanded=\"false\">OPENCOBOL Ide - Windows<\/div>\n\t\t\t\t\t\t\t<\/div>\n\t\t\t<div class=\"elementor-tabs-content-wrapper\" role=\"tablist\" aria-orientation=\"vertical\">\n\t\t\t\t\t\t\t\t\t<div class=\"elementor-tab-title elementor-tab-mobile-title\" aria-selected=\"true\" data-tab=\"1\" role=\"tab\" tabindex=\"0\" aria-controls=\"elementor-tab-content-1141\" aria-expanded=\"false\">Compiladores ONLINE<\/div>\n\t\t\t\t\t<div id=\"elementor-tab-content-1141\" class=\"elementor-tab-content elementor-clearfix\" data-tab=\"1\" role=\"tabpanel\" aria-labelledby=\"elementor-tab-title-1141\" tabindex=\"0\" hidden=\"false\"><p><a href=\"https:\/\/www.jdoodle.com\/execute-cobol-online\/\" target=\"_blank\" rel=\"noopener\"><strong>Link para acessar JDOODLE<\/strong><\/a> \u00a0\u00a0 \u00a0 \u00a0 \u00a0\u00a0 <a href=\"https:\/\/glot.io\/\" target=\"_blank\" rel=\"noopener\"><strong>Link para acessar GLOT <\/strong>\u00a0 \u00a0 \u00a0 \u00a0 \u00a0 <\/a><strong><span style=\"color: #ff6600;\"><a href=\"https:\/\/paiza.io\/en\" target=\"_blank\" rel=\"noopener\">Link para acessar PAIZA<\/a><\/span><\/strong><\/p><p>Servicos ONLINE que\u00a0 fornecem uma API de compilador para v\u00e1rias linguagens de programa\u00e7\u00e3o.<\/p><div style=\"padding: 75% 0 0 0; position: relative;\"><iframe style=\"position: absolute; top: 0; left: 0; width: 100%; height: 100%;\" title=\"Ambientes_Online.mp4\" data-src=\"https:\/\/player.vimeo.com\/video\/658729699?h=497f2cac64&amp;badge=0&amp;autopause=0&amp;player_id=0&amp;app_id=58479\" frameborder=\"0\" allowfullscreen=\"allowfullscreen\" src=\"data:image\/svg+xml;base64,PHN2ZyB3aWR0aD0iMSIgaGVpZ2h0PSIxIiB4bWxucz0iaHR0cDovL3d3dy53My5vcmcvMjAwMC9zdmciPjwvc3ZnPg==\" class=\"lazyload\" data-load-mode=\"1\"><\/iframe><\/div><p><script src=\"https:\/\/player.vimeo.com\/api\/player.js\"><\/script><\/p><\/div>\n\t\t\t\t\t\t\t\t\t<div class=\"elementor-tab-title elementor-tab-mobile-title\" aria-selected=\"false\" data-tab=\"2\" role=\"tab\" tabindex=\"-1\" aria-controls=\"elementor-tab-content-1142\" aria-expanded=\"false\">Turnkey - Compilador Mainframe<\/div>\n\t\t\t\t\t<div id=\"elementor-tab-content-1142\" class=\"elementor-tab-content elementor-clearfix\" data-tab=\"2\" role=\"tabpanel\" aria-labelledby=\"elementor-tab-title-1142\" tabindex=\"0\" hidden=\"hidden\"><p><strong><a href=\"http:\/\/wotho.ethz.ch\/tk4-\/\" target=\"_blank\" rel=\"noopener\">Link para baixar Original\u00a0<\/a><\/strong> \u00a0 \u00a0 \u00a0 \u00a0 \u00a0 \u00a0 \u00a0 <a href=\"http:\/\/escoladeprogramadores.com.br\/tk4.zip\"><strong>Baixar copia da EscoladeProgramadores<\/strong><\/a><\/p><p>MVS Turnkey \u00e9 um sistema Mainframe pronto para rodar para o seu computador pessoal. Utiliza o MVS 3.8j e n\u00e3o o z\/OS.\u00a0 Possui uma vers\u00e3o de TSO customizada chamada RPF. \u00c9 possivel compilar <strong>COBOL<\/strong>, rodar <strong>JCL<\/strong>, analisar<strong> SYSOUT<\/strong>. Roda tamb\u00e9m <strong>REXX<\/strong> e<strong> VSAM<\/strong>.<\/p><div style=\"padding: 56.25% 0 0 0; position: relative;\"><iframe style=\"position: absolute; top: 0; left: 0; width: 100%; height: 100%;\" title=\"Aula 1 - Abertura e instalacao do ambiente pratico\" data-src=\"https:\/\/player.vimeo.com\/video\/447474308?h=78cb3076b8&amp;badge=0&amp;autopause=0&amp;player_id=0&amp;app_id=58479\" frameborder=\"0\" allowfullscreen=\"allowfullscreen\" src=\"data:image\/svg+xml;base64,PHN2ZyB3aWR0aD0iMSIgaGVpZ2h0PSIxIiB4bWxucz0iaHR0cDovL3d3dy53My5vcmcvMjAwMC9zdmciPjwvc3ZnPg==\" class=\"lazyload\" data-load-mode=\"1\"><\/iframe><\/div><p><script src=\"https:\/\/player.vimeo.com\/api\/player.js\"><\/script><\/p><\/div>\n\t\t\t\t\t\t\t\t\t<div class=\"elementor-tab-title elementor-tab-mobile-title\" aria-selected=\"false\" data-tab=\"3\" role=\"tab\" tabindex=\"-1\" aria-controls=\"elementor-tab-content-1143\" aria-expanded=\"false\">OPENCOBOL Ide - Windows<\/div>\n\t\t\t\t\t<div id=\"elementor-tab-content-1143\" class=\"elementor-tab-content elementor-clearfix\" data-tab=\"3\" role=\"tabpanel\" aria-labelledby=\"elementor-tab-title-1143\" tabindex=\"0\" hidden=\"hidden\"><p><a href=\"https:\/\/launchpad.net\/cobcide\/+download\" target=\"_blank\" rel=\"noopener\"><strong>Link para acessar\/baixar<\/strong><\/a><\/p><p>OpenCobolIDE \u00e9 um COBOL IDE simples e leve baseado no compilador GnuCOBOL.<\/p><div style=\"padding: 56.25% 0 0 0; position: relative;\"><iframe style=\"position: absolute; top: 0; left: 0; width: 100%; height: 100%;\" title=\"Baixar-Instalar-OpenCobolIde.mp4\" data-src=\"https:\/\/player.vimeo.com\/video\/658722235?h=e2978de2f8&amp;badge=0&amp;autopause=0&amp;player_id=0&amp;app_id=58479\" frameborder=\"0\" allowfullscreen=\"allowfullscreen\" src=\"data:image\/svg+xml;base64,PHN2ZyB3aWR0aD0iMSIgaGVpZ2h0PSIxIiB4bWxucz0iaHR0cDovL3d3dy53My5vcmcvMjAwMC9zdmciPjwvc3ZnPg==\" class=\"lazyload\" data-load-mode=\"1\"><\/iframe><\/div><p><script src=\"https:\/\/player.vimeo.com\/api\/player.js\"><\/script><\/p><\/div>\n\t\t\t\t\t\t\t<\/div>\n\t\t<\/div>\n\t\t\t\t\t\t<\/div>\n\t\t\t\t<\/div>\n\t\t\t\t\t<\/div>\n\t\t<\/div>\n\t\t\t\t\t<\/div>\n\t\t<\/section>\n\t\t\t\t<\/div>\n\t\t","protected":false},"excerpt":{"rendered":"<p>Compiladores Cobol Compiladores ONLINE Turnkey &#8211; Compilador Mainframe OPENCOBOL Ide &#8211; Windows Compiladores ONLINE Link para acessar JDOODLE &nbsp;&nbsp; &nbsp; &nbsp; &nbsp;&nbsp; Link para acessar GLOT &nbsp; &nbsp; &nbsp; &nbsp; &nbsp; Link para acessar PAIZA Servicos ONLINE que&nbsp; fornecem uma API de compilador para v\u00e1rias linguagens de programa\u00e7\u00e3o. Turnkey &#8211;&hellip;<\/p>\n","protected":false},"author":1,"featured_media":0,"parent":0,"menu_order":0,"comment_status":"closed","ping_status":"closed","template":"","meta":{"_monsterinsights_skip_tracking":false,"_monsterinsights_sitenote_active":false,"_monsterinsights_sitenote_note":"","_monsterinsights_sitenote_category":0,"footnotes":""},"class_list":["post-1494","page","type-page","status-publish","hentry"],"_links":{"self":[{"href":"https:\/\/escoladeprogramadores.com.br\/2025\/wp-json\/wp\/v2\/pages\/1494","targetHints":{"allow":["GET"]}}],"collection":[{"href":"https:\/\/escoladeprogramadores.com.br\/2025\/wp-json\/wp\/v2\/pages"}],"about":[{"href":"https:\/\/escoladeprogramadores.com.br\/2025\/wp-json\/wp\/v2\/types\/page"}],"author":[{"embeddable":true,"href":"https:\/\/escoladeprogramadores.com.br\/2025\/wp-json\/wp\/v2\/users\/1"}],"replies":[{"embeddable":true,"href":"https:\/\/escoladeprogramadores.com.br\/2025\/wp-json\/wp\/v2\/comments?post=1494"}],"version-history":[{"count":30,"href":"https:\/\/escoladeprogramadores.com.br\/2025\/wp-json\/wp\/v2\/pages\/1494\/revisions"}],"predecessor-version":[{"id":1528,"href":"https:\/\/escoladeprogramadores.com.br\/2025\/wp-json\/wp\/v2\/pages\/1494\/revisions\/1528"}],"wp:attachment":[{"href":"https:\/\/escoladeprogramadores.com.br\/2025\/wp-json\/wp\/v2\/media?parent=1494"}],"curies":[{"name":"wp","href":"https:\/\/api.w.org\/{rel}","templated":true}]}}