{"id":2465,"date":"2025-04-30T01:45:09","date_gmt":"2025-04-30T04:45:09","guid":{"rendered":"https:\/\/escoladeprogramadores.com.br\/2025\/?page_id=2465"},"modified":"2025-08-18T19:59:19","modified_gmt":"2025-08-18T22:59:19","slug":"curso-cics-db2","status":"publish","type":"page","link":"https:\/\/escoladeprogramadores.com.br\/2025\/curso-cics-db2\/","title":{"rendered":"Curso CICS DB2"},"content":{"rendered":"\t\t<div data-elementor-type=\"wp-page\" data-elementor-id=\"2465\" class=\"elementor elementor-2465\">\n\t\t\t\t\t\t<section class=\"elementor-section elementor-top-section elementor-element elementor-element-66b0833b elementor-section-boxed elementor-section-height-default elementor-section-height-default\" data-id=\"66b0833b\" data-element_type=\"section\">\n\t\t\t\t\t\t<div class=\"elementor-container elementor-column-gap-default\">\n\t\t\t\t\t<div class=\"elementor-column elementor-col-50 elementor-top-column elementor-element elementor-element-144f0597\" data-id=\"144f0597\" data-element_type=\"column\">\n\t\t\t<div class=\"elementor-widget-wrap elementor-element-populated\">\n\t\t\t\t\t\t<div class=\"elementor-element elementor-element-41ebec18 elementor-widget elementor-widget-image\" data-id=\"41ebec18\" data-element_type=\"widget\" data-widget_type=\"image.default\">\n\t\t\t\t<div class=\"elementor-widget-container\">\n\t\t\t\t\t\t\t\t\t\t\t\t\t\t\t<img fetchpriority=\"high\" decoding=\"async\" width=\"340\" height=\"171\" src=\"https:\/\/escoladeprogramadores.com.br\/2025\/wp-content\/uploads\/2025\/04\/CICS_2.jpg\" class=\"attachment-large size-large wp-image-2453\" alt=\"\" srcset=\"https:\/\/escoladeprogramadores.com.br\/2025\/wp-content\/uploads\/2025\/04\/CICS_2.jpg 340w, https:\/\/escoladeprogramadores.com.br\/2025\/wp-content\/uploads\/2025\/04\/CICS_2-300x151.jpg 300w\" sizes=\"(max-width: 340px) 100vw, 340px\" \/>\t\t\t\t\t\t\t\t\t\t\t\t\t\t\t<\/div>\n\t\t\t\t<\/div>\n\t\t\t\t\t<\/div>\n\t\t<\/div>\n\t\t\t\t<div class=\"elementor-column elementor-col-50 elementor-top-column elementor-element elementor-element-18694e88\" data-id=\"18694e88\" data-element_type=\"column\">\n\t\t\t<div class=\"elementor-widget-wrap elementor-element-populated\">\n\t\t\t\t\t\t<div class=\"elementor-element elementor-element-58f7f824 elementor-widget elementor-widget-text-editor\" data-id=\"58f7f824\" data-element_type=\"widget\" data-widget_type=\"text-editor.default\">\n\t\t\t\t<div class=\"elementor-widget-container\">\n\t\t\t\t\t\t\t\t\t<h1><strong>Valor do curso <br \/><span style=\"color: #ff0000;\">R$ 299,00 <span style=\"font-size: 16px;\"> (em at\u00e9 4x) <\/span> <\/span><\/strong><\/h1><p>Instrutores: Armando e Ivan<\/p>\t\t\t\t\t\t\t\t<\/div>\n\t\t\t\t<\/div>\n\t\t\t\t\t<\/div>\n\t\t<\/div>\n\t\t\t\t\t<\/div>\n\t\t<\/section>\n\t\t\t\t<section class=\"elementor-section elementor-top-section elementor-element elementor-element-5535a19 elementor-section-boxed elementor-section-height-default elementor-section-height-default\" data-id=\"5535a19\" data-element_type=\"section\">\n\t\t\t\t\t\t<div class=\"elementor-container elementor-column-gap-default\">\n\t\t\t\t\t<div class=\"elementor-column elementor-col-100 elementor-top-column elementor-element elementor-element-38377704\" data-id=\"38377704\" data-element_type=\"column\">\n\t\t\t<div class=\"elementor-widget-wrap elementor-element-populated\">\n\t\t\t\t\t\t<div class=\"elementor-element elementor-element-5e978cf3 elementor-tabs-view-horizontal elementor-widget elementor-widget-tabs\" data-id=\"5e978cf3\" data-element_type=\"widget\" data-widget_type=\"tabs.default\">\n\t\t\t\t<div class=\"elementor-widget-container\">\n\t\t\t\t\t\t\t<div class=\"elementor-tabs\">\n\t\t\t<div class=\"elementor-tabs-wrapper\" role=\"tablist\" >\n\t\t\t\t\t\t\t\t\t<div id=\"elementor-tab-title-1581\" class=\"elementor-tab-title elementor-tab-desktop-title\" aria-selected=\"true\" data-tab=\"1\" role=\"tab\" tabindex=\"0\" aria-controls=\"elementor-tab-content-1581\" aria-expanded=\"false\">Sobre o curso<\/div>\n\t\t\t\t\t\t\t\t\t<div id=\"elementor-tab-title-1582\" class=\"elementor-tab-title elementor-tab-desktop-title\" aria-selected=\"false\" data-tab=\"2\" role=\"tab\" tabindex=\"-1\" aria-controls=\"elementor-tab-content-1582\" aria-expanded=\"false\">Conteudos abordados<\/div>\n\t\t\t\t\t\t\t\t\t<div id=\"elementor-tab-title-1583\" class=\"elementor-tab-title elementor-tab-desktop-title\" aria-selected=\"false\" data-tab=\"3\" role=\"tab\" tabindex=\"-1\" aria-controls=\"elementor-tab-content-1583\" aria-expanded=\"false\">Curriculo dos instrutores<\/div>\n\t\t\t\t\t\t\t\t\t<div id=\"elementor-tab-title-1584\" class=\"elementor-tab-title elementor-tab-desktop-title\" aria-selected=\"false\" data-tab=\"4\" role=\"tab\" tabindex=\"-1\" aria-controls=\"elementor-tab-content-1584\" aria-expanded=\"false\">Aula Aberta<\/div>\n\t\t\t\t\t\t\t<\/div>\n\t\t\t<div class=\"elementor-tabs-content-wrapper\" role=\"tablist\" aria-orientation=\"vertical\">\n\t\t\t\t\t\t\t\t\t<div class=\"elementor-tab-title elementor-tab-mobile-title\" aria-selected=\"true\" data-tab=\"1\" role=\"tab\" tabindex=\"0\" aria-controls=\"elementor-tab-content-1581\" aria-expanded=\"false\">Sobre o curso<\/div>\n\t\t\t\t\t<div id=\"elementor-tab-content-1581\" class=\"elementor-tab-content elementor-clearfix\" data-tab=\"1\" role=\"tabpanel\" aria-labelledby=\"elementor-tab-title-1581\" tabindex=\"0\" hidden=\"false\"><div id=\"tab-overview\" class=\"course-tab-panel-overview course-tab-panel active\">\n<div id=\"learn-press-course-description\" class=\"course-description\">\n<h5>Objetivo<\/h5>\n<p>Cria\u00e7\u00e3o de aplica\u00e7\u00f5es interativas com <span style=\"color: #ff0000;\">TELAS<\/span> e <span style=\"color: #ff0000;\">TRANSA\u00c7\u00d5ES<\/span> atrav\u00e9s do CICS. Ser\u00e1 desenvolvida aplica\u00e7\u00e3o CRUD em COBOL DB2<\/p>\n<h5><strong>Publico Alvo<\/strong><\/h5>\n<p>Estudantes ou programadores Cobol&nbsp;<\/p>\n<\/div>\n<h5><strong>Pr\u00e9-Requisitos<\/strong><\/h5>\n<p>Conhecimento de COBOL e DB2<\/p>\n<h5><strong>Equipamentos necess\u00e1rios:<\/strong><\/h5>\n<p>Computador ou tablet com acesso a qualquer navegador WEB com 1GB mem\u00f3ria<\/p>\n<div id=\"learn-press-course-description\" class=\"course-description\">\n<h5><strong>Carga Horaria: <\/strong><\/h5>\n<p>24 horas &#8211; ( Tempo previsto para conclus\u00e3o do curso e suporte as duvidas de 02 meses \/ <strong>As video aulas s\u00e3o vitalicias<\/strong> )<\/p>\n<p>Todo o conteudo \u00e9 ministrado com video-aulas onde professor conduz cada aula com a conceituacao teorica e em seguida propoe a atividade pratica , que poder\u00e1 ser feita (dependendo do curso) na maquina do aluno ou no ambiente PRATICO&nbsp; exclusivamente educacional disponibilizado .O sucesso do curso esta no acompanhamento destas aulas e a disciplina de assistir e fazer os exercicios.<\/p>\n<p><b>Observa\u00e7\u00e3o: <\/b>O acesso as aulas e laborat\u00f3rio pr\u00e1tico ser\u00e1 enviado por email em at\u00e9 04 (quatro) horas ap\u00f3s a confirma\u00e7\u00e3o da compra.&nbsp;<\/p>\n<\/div>\n<\/div><\/div>\n\t\t\t\t\t\t\t\t\t<div class=\"elementor-tab-title elementor-tab-mobile-title\" aria-selected=\"false\" data-tab=\"2\" role=\"tab\" tabindex=\"-1\" aria-controls=\"elementor-tab-content-1582\" aria-expanded=\"false\">Conteudos abordados<\/div>\n\t\t\t\t\t<div id=\"elementor-tab-content-1582\" class=\"elementor-tab-content elementor-clearfix\" data-tab=\"2\" role=\"tabpanel\" aria-labelledby=\"elementor-tab-title-1582\" tabindex=\"0\" hidden=\"hidden\"><h4><strong><span style=\"color: #000000;\">M\u00f3dulo:<\/span><span style=\"color: #000000;\"> Conceitos Gerais sobre CICS<\/span><\/strong><\/h4><p><span style=\"color: #999999;\"><em>Entenda o que \u00e9 e para que serve o Gerenciador de Transa\u00e7\u00f5es mais popular no mundo Mainframe<\/em><\/span><\/p><ul><li><span style=\"color: #808080;\">Conceitos Gerais sobre o CICS TS<\/span><\/li><\/ul><h4><span style=\"color: #000000;\"><strong>M\u00f3dulo: Mapas BMS<\/strong><\/span><\/h4><p><span style=\"color: #999999;\"><em>Cria\u00e7\u00e3o , analise e tratamento de mapas BMS para intera\u00e7\u00e3o com usuario<\/em><\/span><\/p><ul><li>Conceitos gerais e desenho de um mapa<\/li><li>Escrevendo um mapa<\/li><li>Introdu\u00e7\u00e3o \u00e0 macros BMS: DFHMSD \/ DFHMDI\/ DFHMDF<\/li><li>Compila\u00e7\u00e3o de mapa<\/li><li>Debugando erros no mapa e BOOK<\/li><\/ul><h4><strong><span style=\"color: #000000;\">M\u00f3dulo: Programas COBOL acessando CICS<\/span><\/strong><\/h4><p><em><span style=\"color: #999999;\">De forma gradativa, o aluno ir\u00e1 criar programas de Menu e Tratamento de uma tabela DB2.\u00a0<br \/>Ao final , o projeto ser\u00e1 um sistema completo de Inclusao, Consulta, Exclusao, Altera\u00e7\u00e3o e pagina\u00e7\u00e3o dos registros.<\/span><\/em><\/p><ul><li>Escrevendo um programa Cobol com acesso ao CICS<\/li><li>Compilando o programa<\/li><li>Desenhando o <strong>MENU<\/strong><\/li><li>Cria\u00e7\u00e3o e Compila\u00e7\u00e3o do Mapa e Programa de <strong>MENU<\/strong> do projeto<\/li><li>Cria\u00e7\u00e3o e Compila\u00e7\u00e3o do Mapa e Programa de <strong>CONSULTA<\/strong> do projeto<\/li><li>Cria\u00e7\u00e3o e Compila\u00e7\u00e3o do Mapa e Programa de <b>PAGINACAO<\/b>\u00a0do projeto<\/li><li>Cria\u00e7\u00e3o e Compila\u00e7\u00e3o do Mapa e Programa de <strong>INCLUSAO<\/strong> do projeto<\/li><li>Cria\u00e7\u00e3o e Compila\u00e7\u00e3o do Mapa e Programa de\u00a0<span style=\"font-weight: bolder;\">EXCLUSAO<\/span>\u00a0do projeto<\/li><li>Cria\u00e7\u00e3o e Compila\u00e7\u00e3o do Mapa e Programa de\u00a0<span style=\"font-weight: bolder;\">ALTERACAO<\/span>\u00a0do projeto<\/li><li>Area de comunica\u00e7\u00e3o: DFHCOMMAREA, DFHEIB<\/li><li>Exec Interface Block: EIBCALEN, EIBTRMID, EIBCPOSN, EIBAID, EIBRESP, etc.<\/li><li>Comandos EXEC CICS LINK, EXEC CICS XCTL e suas condi\u00e7\u00f5es de exce\u00e7\u00e3o.<\/li><li>Comandos de manipula\u00e7\u00e3o de data\/hora: ASKTIME FORMATTTIME<\/li><li>Comando de administra\u00e7\u00e3o\u00a0 <strong>CEDA,\u00a0 CECI e\u00a0 CEMT\u00a0<\/strong><\/li><li>Depura\u00e7\u00e3o das transa\u00e7\u00f5es com <strong>CEDF<\/strong><\/li><\/ul><div><h4 style=\"font-family: Roboto, sans-serif; color: #7a7a7a;\">\u00a0<\/h4><\/div><div><p><strong>IMPORTANTE : O curso contratado \u00e9 composto por VIDEO AULAS e apostilas de apoio.<\/strong><br \/><strong>Os exercicios propostos pelo professor podem ser exercitados em qualquer ambiente que possua TSO , JCL , COBOL., DB2 e CICS.<\/strong><br \/><strong>Oferecemos aos alunos acesso a um ambiente EXCLUSIVAMENTE educacional para pratica desses exercicios.<\/strong><br \/><strong><i>Esse ambiente n\u00e3o faz parte da compra do curso e sim \u00e9 oferecido como apoio apenas a fixacao dos exercicios.<\/i><\/strong><\/p><\/div><\/div>\n\t\t\t\t\t\t\t\t\t<div class=\"elementor-tab-title elementor-tab-mobile-title\" aria-selected=\"false\" data-tab=\"3\" role=\"tab\" tabindex=\"-1\" aria-controls=\"elementor-tab-content-1583\" aria-expanded=\"false\">Curriculo dos instrutores<\/div>\n\t\t\t\t\t<div id=\"elementor-tab-content-1583\" class=\"elementor-tab-content elementor-clearfix\" data-tab=\"3\" role=\"tabpanel\" aria-labelledby=\"elementor-tab-title-1583\" tabindex=\"0\" hidden=\"hidden\"><p><img decoding=\"async\" class=\"alignnone wp-image-603 lazyload\" data-src=\"http:\/\/escoladeprogramadores.com.br\/site\/wp-content\/uploads\/2019\/12\/avatar_instrutor.jpg\" alt=\"\" width=\"53\" height=\"51\" src=\"data:image\/svg+xml;base64,PHN2ZyB3aWR0aD0iMSIgaGVpZ2h0PSIxIiB4bWxucz0iaHR0cDovL3d3dy53My5vcmcvMjAwMC9zdmciPjwvc3ZnPg==\" style=\"--smush-placeholder-width: 53px; --smush-placeholder-aspect-ratio: 53\/51;\" \/>\u00a0 \u00a0<strong>Armando Silva<\/strong><br \/>Armando \u00e9 programador mainframe desde 1971 com passagens por diversas consultorias e bancos.<br \/>Participou de dezenas de implementa\u00e7oes de sistemas. Atualmente dedica-se a instrutoria.<br \/><span style=\"text-decoration: underline;\">Instrutor dos cursos de <strong>Cobol, CICS e Assembler<\/strong><\/span><\/p><p><img decoding=\"async\" class=\"alignnone wp-image-603 lazyload\" data-src=\"http:\/\/escoladeprogramadores.com.br\/site\/wp-content\/uploads\/2019\/12\/avatar_instrutor.jpg\" alt=\"\" width=\"53\" height=\"51\" src=\"data:image\/svg+xml;base64,PHN2ZyB3aWR0aD0iMSIgaGVpZ2h0PSIxIiB4bWxucz0iaHR0cDovL3d3dy53My5vcmcvMjAwMC9zdmciPjwvc3ZnPg==\" style=\"--smush-placeholder-width: 53px; --smush-placeholder-aspect-ratio: 53\/51;\" \/> <strong>Ivan Sanches<\/strong><\/p><p>Ivan Sanches \u00e9 p\u00f3s-graduado em Desenvolvimento Mobile. Possui certifica\u00e7\u00f5es Microsoft, Oracle e IBM. Atua como consultor de tecnologia e desenvolvedor de sistemas em PHP, JAVA, Phyton e Mainframe (Cobol, VSAM, DB2, CICS, Assembler). Atualmente desenvolvendo solu\u00e7\u00f5es de troca de dados entre mainframe e plataforma open atrav\u00e9s de Hadoop e Spark.<br \/><span style=\"text-decoration: underline;\">Instrutor dos cursos de <strong>Cobol, CICS e JCL<\/strong><\/span><\/p><\/div>\n\t\t\t\t\t\t\t\t\t<div class=\"elementor-tab-title elementor-tab-mobile-title\" aria-selected=\"false\" data-tab=\"4\" role=\"tab\" tabindex=\"-1\" aria-controls=\"elementor-tab-content-1584\" aria-expanded=\"false\">Aula Aberta<\/div>\n\t\t\t\t\t<div id=\"elementor-tab-content-1584\" class=\"elementor-tab-content elementor-clearfix\" data-tab=\"4\" role=\"tabpanel\" aria-labelledby=\"elementor-tab-title-1584\" tabindex=\"0\" hidden=\"hidden\"><div>\u00a0<\/div><div>\u00a0<\/div><div style=\"padding: 52.81% 0 0 0; position: relative;\">\u00a0<\/div><p><script src=\"https:\/\/player.vimeo.com\/api\/player.js\"><\/script><\/p><\/div>\n\t\t\t\t\t\t\t<\/div>\n\t\t<\/div>\n\t\t\t\t\t\t<\/div>\n\t\t\t\t<\/div>\n\t\t\t\t\t<\/div>\n\t\t<\/div>\n\t\t\t\t\t<\/div>\n\t\t<\/section>\n\t\t\t\t<section class=\"elementor-section elementor-top-section elementor-element elementor-element-62384550 elementor-section-boxed elementor-section-height-default elementor-section-height-default\" data-id=\"62384550\" data-element_type=\"section\">\n\t\t\t\t\t\t<div class=\"elementor-container elementor-column-gap-default\">\n\t\t\t\t\t<div class=\"elementor-column elementor-col-100 elementor-top-column elementor-element elementor-element-125faeb1\" data-id=\"125faeb1\" data-element_type=\"column\">\n\t\t\t<div class=\"elementor-widget-wrap\">\n\t\t\t\t\t\t\t<\/div>\n\t\t<\/div>\n\t\t\t\t\t<\/div>\n\t\t<\/section>\n\t\t\t\t<section class=\"elementor-section elementor-top-section elementor-element elementor-element-25fcda4e elementor-section-boxed elementor-section-height-default elementor-section-height-default\" data-id=\"25fcda4e\" data-element_type=\"section\">\n\t\t\t\t\t\t<div class=\"elementor-container elementor-column-gap-default\">\n\t\t\t\t\t<div class=\"elementor-column elementor-col-100 elementor-top-column elementor-element elementor-element-69fd8276\" data-id=\"69fd8276\" data-element_type=\"column\">\n\t\t\t<div class=\"elementor-widget-wrap elementor-element-populated\">\n\t\t\t\t\t\t<div class=\"elementor-element elementor-element-6ba18b6f elementor-widget elementor-widget-html\" data-id=\"6ba18b6f\" data-element_type=\"widget\" data-widget_type=\"html.default\">\n\t\t\t\t<div class=\"elementor-widget-container\">\n\t\t\t\t\t<!-- INICIO DO BOTAO PAGSEGURO --><a href=\"https:\/\/pag.ae\/7_YfchE9q\/button\" target=\"_blank\" title=\"Pagar com PagSeguro\"><img decoding=\"async\" data-src=\"\/\/assets.pagseguro.com.br\/ps-integration-assets\/botoes\/pagamentos\/205x30-pagar-azul.gif\" alt=\"Pague com PagSeguro - \u00e9 r\u00e1pido, gr\u00e1tis e seguro!\" src=\"data:image\/svg+xml;base64,PHN2ZyB3aWR0aD0iMSIgaGVpZ2h0PSIxIiB4bWxucz0iaHR0cDovL3d3dy53My5vcmcvMjAwMC9zdmciPjwvc3ZnPg==\" class=\"lazyload\" \/><\/a><!-- FIM DO BOTAO PAGSEGURO -->\t\t\t\t<\/div>\n\t\t\t\t<\/div>\n\t\t\t\t\t<\/div>\n\t\t<\/div>\n\t\t\t\t\t<\/div>\n\t\t<\/section>\n\t\t\t\t<section class=\"elementor-section elementor-top-section elementor-element elementor-element-65e1c52 elementor-section-boxed elementor-section-height-default elementor-section-height-default\" data-id=\"65e1c52\" data-element_type=\"section\">\n\t\t\t\t\t\t<div class=\"elementor-container elementor-column-gap-default\">\n\t\t\t\t\t<div class=\"elementor-column elementor-col-100 elementor-top-column elementor-element elementor-element-15ac0ec8\" data-id=\"15ac0ec8\" data-element_type=\"column\">\n\t\t\t<div class=\"elementor-widget-wrap elementor-element-populated\">\n\t\t\t\t\t\t<div class=\"elementor-element elementor-element-28545f8b elementor-widget-divider--view-line elementor-widget elementor-widget-divider\" data-id=\"28545f8b\" data-element_type=\"widget\" data-widget_type=\"divider.default\">\n\t\t\t\t<div class=\"elementor-widget-container\">\n\t\t\t\t\t\t\t<div class=\"elementor-divider\">\n\t\t\t<span class=\"elementor-divider-separator\">\n\t\t\t\t\t\t<\/span>\n\t\t<\/div>\n\t\t\t\t\t\t<\/div>\n\t\t\t\t<\/div>\n\t\t\t\t\t<\/div>\n\t\t<\/div>\n\t\t\t\t\t<\/div>\n\t\t<\/section>\n\t\t\t\t<\/div>\n\t\t","protected":false},"excerpt":{"rendered":"<p>Valor do curso R$ 299,00 (em at\u00e9 4x) Instrutores: Armando e Ivan Sobre o curso Conteudos abordados Curriculo dos instrutores Aula Aberta Sobre o curso Objetivo Cria\u00e7\u00e3o de aplica\u00e7\u00f5es interativas com TELAS e TRANSA\u00c7\u00d5ES atrav\u00e9s do CICS. Ser\u00e1 desenvolvida aplica\u00e7\u00e3o CRUD em COBOL DB2 Publico Alvo Estudantes ou programadores Cobol&nbsp;&hellip;<\/p>\n","protected":false},"author":1,"featured_media":0,"parent":0,"menu_order":0,"comment_status":"closed","ping_status":"closed","template":"elementor_header_footer","meta":{"_monsterinsights_skip_tracking":false,"_monsterinsights_sitenote_active":false,"_monsterinsights_sitenote_note":"","_monsterinsights_sitenote_category":0,"footnotes":""},"class_list":["post-2465","page","type-page","status-publish","hentry"],"_links":{"self":[{"href":"https:\/\/escoladeprogramadores.com.br\/2025\/wp-json\/wp\/v2\/pages\/2465","targetHints":{"allow":["GET"]}}],"collection":[{"href":"https:\/\/escoladeprogramadores.com.br\/2025\/wp-json\/wp\/v2\/pages"}],"about":[{"href":"https:\/\/escoladeprogramadores.com.br\/2025\/wp-json\/wp\/v2\/types\/page"}],"author":[{"embeddable":true,"href":"https:\/\/escoladeprogramadores.com.br\/2025\/wp-json\/wp\/v2\/users\/1"}],"replies":[{"embeddable":true,"href":"https:\/\/escoladeprogramadores.com.br\/2025\/wp-json\/wp\/v2\/comments?post=2465"}],"version-history":[{"count":19,"href":"https:\/\/escoladeprogramadores.com.br\/2025\/wp-json\/wp\/v2\/pages\/2465\/revisions"}],"predecessor-version":[{"id":2683,"href":"https:\/\/escoladeprogramadores.com.br\/2025\/wp-json\/wp\/v2\/pages\/2465\/revisions\/2683"}],"wp:attachment":[{"href":"https:\/\/escoladeprogramadores.com.br\/2025\/wp-json\/wp\/v2\/media?parent=2465"}],"curies":[{"name":"wp","href":"https:\/\/api.w.org\/{rel}","templated":true}]}}