{"id":2524,"date":"2025-05-02T11:02:13","date_gmt":"2025-05-02T14:02:13","guid":{"rendered":"https:\/\/escoladeprogramadores.com.br\/2025\/?page_id=2524"},"modified":"2025-08-18T20:03:33","modified_gmt":"2025-08-18T23:03:33","slug":"tk4-tk5","status":"publish","type":"page","link":"https:\/\/escoladeprogramadores.com.br\/2025\/tk4-tk5\/","title":{"rendered":"TK4-TK5"},"content":{"rendered":"\t\t<div data-elementor-type=\"wp-page\" data-elementor-id=\"2524\" class=\"elementor elementor-2524\">\n\t\t\t\t\t\t<section class=\"elementor-section elementor-top-section elementor-element elementor-element-2f554ed2 elementor-section-boxed elementor-section-height-default elementor-section-height-default\" data-id=\"2f554ed2\" data-element_type=\"section\">\n\t\t\t\t\t\t<div class=\"elementor-container elementor-column-gap-default\">\n\t\t\t\t\t<div class=\"elementor-column elementor-col-50 elementor-top-column elementor-element elementor-element-430d8d92\" data-id=\"430d8d92\" data-element_type=\"column\">\n\t\t\t<div class=\"elementor-widget-wrap elementor-element-populated\">\n\t\t\t\t\t\t<div class=\"elementor-element elementor-element-5dc8490f elementor-widget elementor-widget-image\" data-id=\"5dc8490f\" data-element_type=\"widget\" data-widget_type=\"image.default\">\n\t\t\t\t<div class=\"elementor-widget-container\">\n\t\t\t\t\t\t\t\t\t\t\t\t\t\t\t<img fetchpriority=\"high\" decoding=\"async\" width=\"340\" height=\"171\" src=\"https:\/\/escoladeprogramadores.com.br\/2025\/wp-content\/uploads\/2025\/05\/TK4-tk5_mini.jpg\" class=\"attachment-large size-large wp-image-2526\" alt=\"\" srcset=\"https:\/\/escoladeprogramadores.com.br\/2025\/wp-content\/uploads\/2025\/05\/TK4-tk5_mini.jpg 340w, https:\/\/escoladeprogramadores.com.br\/2025\/wp-content\/uploads\/2025\/05\/TK4-tk5_mini-300x151.jpg 300w\" sizes=\"(max-width: 340px) 100vw, 340px\" \/>\t\t\t\t\t\t\t\t\t\t\t\t\t\t\t<\/div>\n\t\t\t\t<\/div>\n\t\t\t\t\t<\/div>\n\t\t<\/div>\n\t\t\t\t<div class=\"elementor-column elementor-col-50 elementor-top-column elementor-element elementor-element-3814840a\" data-id=\"3814840a\" data-element_type=\"column\">\n\t\t\t<div class=\"elementor-widget-wrap elementor-element-populated\">\n\t\t\t\t\t\t<div class=\"elementor-element elementor-element-b37ad03 elementor-widget elementor-widget-text-editor\" data-id=\"b37ad03\" data-element_type=\"widget\" data-widget_type=\"text-editor.default\">\n\t\t\t\t<div class=\"elementor-widget-container\">\n\t\t\t\t\t\t\t\t\t<h1><strong>Valor do curso <br \/><span style=\"color: #ff0000;\">R$ 49,00\u00a0<\/span><\/strong><\/h1><p>Instrutores: Ivan Petrucci e Joao Sanches<\/p>\t\t\t\t\t\t\t\t<\/div>\n\t\t\t\t<\/div>\n\t\t\t\t\t<\/div>\n\t\t<\/div>\n\t\t\t\t\t<\/div>\n\t\t<\/section>\n\t\t\t\t<section class=\"elementor-section elementor-top-section elementor-element elementor-element-7334afa8 elementor-section-boxed elementor-section-height-default elementor-section-height-default\" data-id=\"7334afa8\" data-element_type=\"section\">\n\t\t\t\t\t\t<div class=\"elementor-container elementor-column-gap-default\">\n\t\t\t\t\t<div class=\"elementor-column elementor-col-100 elementor-top-column elementor-element elementor-element-4022ec48\" data-id=\"4022ec48\" data-element_type=\"column\">\n\t\t\t<div class=\"elementor-widget-wrap elementor-element-populated\">\n\t\t\t\t\t\t<div class=\"elementor-element elementor-element-51bdc14c elementor-tabs-view-horizontal elementor-widget elementor-widget-tabs\" data-id=\"51bdc14c\" data-element_type=\"widget\" data-widget_type=\"tabs.default\">\n\t\t\t\t<div class=\"elementor-widget-container\">\n\t\t\t\t\t\t\t<div class=\"elementor-tabs\">\n\t\t\t<div class=\"elementor-tabs-wrapper\" role=\"tablist\" >\n\t\t\t\t\t\t\t\t\t<div id=\"elementor-tab-title-1371\" class=\"elementor-tab-title elementor-tab-desktop-title\" aria-selected=\"true\" data-tab=\"1\" role=\"tab\" tabindex=\"0\" aria-controls=\"elementor-tab-content-1371\" aria-expanded=\"false\">Sobre o curso<\/div>\n\t\t\t\t\t\t\t\t\t<div id=\"elementor-tab-title-1372\" class=\"elementor-tab-title elementor-tab-desktop-title\" aria-selected=\"false\" data-tab=\"2\" role=\"tab\" tabindex=\"-1\" aria-controls=\"elementor-tab-content-1372\" aria-expanded=\"false\">Conteudos abordados<\/div>\n\t\t\t\t\t\t\t\t\t<div id=\"elementor-tab-title-1373\" class=\"elementor-tab-title elementor-tab-desktop-title\" aria-selected=\"false\" data-tab=\"3\" role=\"tab\" tabindex=\"-1\" aria-controls=\"elementor-tab-content-1373\" aria-expanded=\"false\">Curriculo dos instrutores<\/div>\n\t\t\t\t\t\t\t\t\t<div id=\"elementor-tab-title-1374\" class=\"elementor-tab-title elementor-tab-desktop-title\" aria-selected=\"false\" data-tab=\"4\" role=\"tab\" tabindex=\"-1\" aria-controls=\"elementor-tab-content-1374\" aria-expanded=\"false\">Aula Aberta<\/div>\n\t\t\t\t\t\t\t<\/div>\n\t\t\t<div class=\"elementor-tabs-content-wrapper\" role=\"tablist\" aria-orientation=\"vertical\">\n\t\t\t\t\t\t\t\t\t<div class=\"elementor-tab-title elementor-tab-mobile-title\" aria-selected=\"true\" data-tab=\"1\" role=\"tab\" tabindex=\"0\" aria-controls=\"elementor-tab-content-1371\" aria-expanded=\"false\">Sobre o curso<\/div>\n\t\t\t\t\t<div id=\"elementor-tab-content-1371\" class=\"elementor-tab-content elementor-clearfix\" data-tab=\"1\" role=\"tabpanel\" aria-labelledby=\"elementor-tab-title-1371\" tabindex=\"0\" hidden=\"false\"><div>\n<div>\n<div>\n<h5><strong>Objetivo<\/strong><\/h5>\n<p><span style=\"color: #333333;\">Capacitar o aluno na compreens\u00e3o da L\u00f3gica Estruturada e desenvolvimento de aplica\u00e7\u00f5es COBOL usando&nbsp; <\/span><span style=\"color: #ff0000;\"><span style=\"color: #333333;\">arquivos sequenciais<\/span>&nbsp;<br>Instale e pratique em seu proprio servidor LOCAL&nbsp;<\/span><\/p>\n<h5><strong>Publico Alvo<\/strong><\/h5>\n<p>Profissionais de Tecnologia da Informa\u00e7\u00e3o interessados em programar COBOL, Programadores, Analistas, Administradores de Sistemas e pessoas com o m\u00ednimo conhecimento de inform\u00e1tica.<\/p>\n<\/div>\n<h5><strong>Pr\u00e9-Requisitos<\/strong><\/h5>\n<p>N\u00e3o h\u00e1 necessidade de conhecimento de programa\u00e7\u00e3o. Ensino progressivo do b\u00e1sico ao avan\u00e7ado.<\/p>\n<h5><strong>Equipamentos necess\u00e1rios:<\/strong><\/h5>\n<p>Computador ou tablet com acesso a qualquer navegador WEB com 1GB mem\u00f3ria<\/p>\n<div>\n<h5><strong>Carga Horaria: <\/strong><\/h5>\n<p>32 horas &#8211; ( Tempo previsto para conclus\u00e3o do curso e suporte as duvidas de 02 meses \/ <strong>As video aulas s\u00e3o vitalicias<\/strong> )<\/p><p>Todo o conteudo \u00e9 ministrado com video-aulas onde professor conduz cada aula com a conceituacao teorica e em seguida propoe a atividade pratica , que poder\u00e1 ser feita (dependendo do curso) na maquina do aluno .<br>O sucesso do curso esta no acompanhamento destas aulas e a disciplina de assistir e fazer os exercicios.<\/p>\n<\/div>\n<\/div>\n<\/div><\/div>\n\t\t\t\t\t\t\t\t\t<div class=\"elementor-tab-title elementor-tab-mobile-title\" aria-selected=\"false\" data-tab=\"2\" role=\"tab\" tabindex=\"-1\" aria-controls=\"elementor-tab-content-1372\" aria-expanded=\"false\">Conteudos abordados<\/div>\n\t\t\t\t\t<div id=\"elementor-tab-content-1372\" class=\"elementor-tab-content elementor-clearfix\" data-tab=\"2\" role=\"tabpanel\" aria-labelledby=\"elementor-tab-title-1372\" tabindex=\"0\" hidden=\"hidden\"><h3><span style=\"color: #000000;\"><strong>M\u00f3dulo: Conhecendo o COBOL<\/strong><\/span><\/h3><p>Abertura e instalacao do ambiente pratico<br \/>Conhecendo o TSO e a SYSOUT<br \/>Criando nossos datasets PDS<br \/>Membros e o editor de textos no TSO<br \/>Estrutura de um programa COBOL parte 1<br \/>Estrutura de um programa COBOL parte 2<br \/>Criando &#8211; compilando &#8211; rodando nosso primeiro programa<br \/>Conhecendo variaveis<br \/>Sysin e comando ACCEPT<\/p><h3><span style=\"color: #000000;\"><strong>M\u00f3dulo: OPERADORES<\/strong><\/span><\/h3><p>Operadores aritmeticos &#8211; ADD<br \/>Operadores aritmeticos &#8211; Subtract<br \/>Operadores aritmeticos &#8211; Multiply<br \/>Operadores aritmeticos &#8211; Divide e Compute<\/p><h3><span style=\"color: #000000;\"><strong>M\u00f3dulo: Decisoes\/Repeticoes<\/strong><\/span><\/h3><p>Tomando decisoes com IF<br \/>IF-Else<br \/>Repetindo acoes com Perform<br \/>Uso do Perform com Times<br \/>Uso do Perform com Varying<br \/>Uso do Perform com Until<br \/>Logica Estruturada<\/p><h3><span style=\"color: #000000;\"><strong>M\u00f3dulo: ARQUIVOS<\/strong><\/span><\/h3><p>Criacao de um arquivo de dados<br \/>Acessando o arquivo de dados &#8211; Parte 1<br \/>Acessando o arquivo de dados &#8211; Parte 2<br \/>Leitura de todos registros do arquivo de dados<br \/>Procurando um registro no arquivo de dados<br \/>Desafio &#8211; Aula procurando um registro<br \/>Gravando um registro<br \/>Books de laytout do arquivo<br \/>Variaveis tipo matriz &#8211; Occurs &#8211; Parte 1<br \/>Variaveis tipo matriz &#8211; Occurs &#8211; Parte 2<\/p><h3><span style=\"color: #000000;\"><strong>M\u00f3dulo: Matrizes<\/strong><\/span><\/h3><p>Variaveis tipo matriz &#8211; Occurs &#8211; Parte 1<br \/>Variaveis tipo matriz &#8211; Occurs &#8211; Parte 2<\/p><h3><span style=\"color: #000000;\"><strong>M\u00f3dulo: Trocando dados entre programas<\/strong><\/span><\/h3><p>Comando CALL &#8211; Definicao e criacao de programas<br \/>Comando CALL &#8211; Compilacao e execucao<\/p><\/div>\n\t\t\t\t\t\t\t\t\t<div class=\"elementor-tab-title elementor-tab-mobile-title\" aria-selected=\"false\" data-tab=\"3\" role=\"tab\" tabindex=\"-1\" aria-controls=\"elementor-tab-content-1373\" aria-expanded=\"false\">Curriculo dos instrutores<\/div>\n\t\t\t\t\t<div id=\"elementor-tab-content-1373\" class=\"elementor-tab-content elementor-clearfix\" data-tab=\"3\" role=\"tabpanel\" aria-labelledby=\"elementor-tab-title-1373\" tabindex=\"0\" hidden=\"hidden\"><p><img decoding=\"async\" class=\"alignnone wp-image-603 lazyload\" data-src=\"http:\/\/escoladeprogramadores.com.br\/site\/wp-content\/uploads\/2019\/12\/avatar_instrutor.jpg\" alt=\"\" width=\"53\" height=\"51\" src=\"data:image\/svg+xml;base64,PHN2ZyB3aWR0aD0iMSIgaGVpZ2h0PSIxIiB4bWxucz0iaHR0cDovL3d3dy53My5vcmcvMjAwMC9zdmciPjwvc3ZnPg==\" style=\"--smush-placeholder-width: 53px; --smush-placeholder-aspect-ratio: 53\/51;\" \/> <strong>Ivan Sanches<\/strong><\/p><p>Ivan Sanches \u00e9 p\u00f3s-graduado em Desenvolvimento Mobile. Possui certifica\u00e7\u00f5es Microsoft, Oracle e IBM. Atua como consultor de tecnologia e desenvolvedor de sistemas em PHP, JAVA, Phyton e Mainframe (Cobol, VSAM, DB2, CICS, Assembler). Atualmente desenvolvendo solu\u00e7\u00f5es de troca de dados entre mainframe e plataforma open atrav\u00e9s de Hadoop e Spark.<br \/><span style=\"text-decoration: underline;\">Instrutor dos cursos de <strong>Cobol, CICS e JCL<\/strong><\/span><\/p><\/div>\n\t\t\t\t\t\t\t\t\t<div class=\"elementor-tab-title elementor-tab-mobile-title\" aria-selected=\"false\" data-tab=\"4\" role=\"tab\" tabindex=\"-1\" aria-controls=\"elementor-tab-content-1374\" aria-expanded=\"false\">Aula Aberta<\/div>\n\t\t\t\t\t<div id=\"elementor-tab-content-1374\" class=\"elementor-tab-content elementor-clearfix\" data-tab=\"4\" role=\"tabpanel\" aria-labelledby=\"elementor-tab-title-1374\" tabindex=\"0\" hidden=\"hidden\"><div style=\"padding: 52.81% 0 0 0; position: relative;\"><iframe style=\"position: absolute; top: 0; left: 0; width: 100%; height: 100%;\" data-src=\"https:\/\/player.vimeo.com\/video\/1080436713?autoplay=0&amp;loop=0&amp;color=ffffff&amp;title=0&amp;byline=0&amp;portrait=0\" frameborder=\"0\" allowfullscreen=\"allowfullscreen\" src=\"data:image\/svg+xml;base64,PHN2ZyB3aWR0aD0iMSIgaGVpZ2h0PSIxIiB4bWxucz0iaHR0cDovL3d3dy53My5vcmcvMjAwMC9zdmciPjwvc3ZnPg==\" class=\"lazyload\" data-load-mode=\"1\"><\/iframe><\/div><p><script src=\"https:\/\/player.vimeo.com\/api\/player.js\"><\/script><\/p><\/div>\n\t\t\t\t\t\t\t<\/div>\n\t\t<\/div>\n\t\t\t\t\t\t<\/div>\n\t\t\t\t<\/div>\n\t\t\t\t\t<\/div>\n\t\t<\/div>\n\t\t\t\t\t<\/div>\n\t\t<\/section>\n\t\t\t\t<section class=\"elementor-section elementor-top-section elementor-element elementor-element-6c5fe6e6 elementor-section-boxed elementor-section-height-default elementor-section-height-default\" data-id=\"6c5fe6e6\" data-element_type=\"section\">\n\t\t\t\t\t\t<div class=\"elementor-container elementor-column-gap-default\">\n\t\t\t\t\t<div class=\"elementor-column elementor-col-100 elementor-top-column elementor-element elementor-element-3da3e03d\" data-id=\"3da3e03d\" data-element_type=\"column\">\n\t\t\t<div class=\"elementor-widget-wrap\">\n\t\t\t\t\t\t\t<\/div>\n\t\t<\/div>\n\t\t\t\t\t<\/div>\n\t\t<\/section>\n\t\t\t\t<section class=\"elementor-section elementor-top-section elementor-element elementor-element-2b099f69 elementor-section-boxed elementor-section-height-default elementor-section-height-default\" data-id=\"2b099f69\" data-element_type=\"section\">\n\t\t\t\t\t\t<div class=\"elementor-container elementor-column-gap-default\">\n\t\t\t\t\t<div class=\"elementor-column elementor-col-100 elementor-top-column elementor-element elementor-element-6cb845a5\" data-id=\"6cb845a5\" data-element_type=\"column\">\n\t\t\t<div class=\"elementor-widget-wrap elementor-element-populated\">\n\t\t\t\t\t\t<div class=\"elementor-element elementor-element-2245bfd5 elementor-widget elementor-widget-html\" data-id=\"2245bfd5\" data-element_type=\"widget\" data-widget_type=\"html.default\">\n\t\t\t\t<div class=\"elementor-widget-container\">\n\t\t\t\t\t<!-- INICIO DO BOTAO PAGSEGURO --><a href=\"https:\/\/pag.ae\/7_CbwKnSb\/button\" target=\"_blank\" title=\"Pagar com PagSeguro\"><img decoding=\"async\" data-src=\"\/\/assets.pagseguro.com.br\/ps-integration-assets\/botoes\/pagamentos\/205x30-pagar-azul.gif\" alt=\"Pague com PagSeguro - \u00e9 r\u00e1pido, gr\u00e1tis e seguro!\" src=\"data:image\/svg+xml;base64,PHN2ZyB3aWR0aD0iMSIgaGVpZ2h0PSIxIiB4bWxucz0iaHR0cDovL3d3dy53My5vcmcvMjAwMC9zdmciPjwvc3ZnPg==\" class=\"lazyload\" \/><\/a><!-- FIM DO BOTAO PAGSEGURO -->\t\t\t\t<\/div>\n\t\t\t\t<\/div>\n\t\t\t\t\t<\/div>\n\t\t<\/div>\n\t\t\t\t\t<\/div>\n\t\t<\/section>\n\t\t\t\t<section class=\"elementor-section elementor-top-section elementor-element elementor-element-6d532072 elementor-section-boxed elementor-section-height-default elementor-section-height-default\" data-id=\"6d532072\" data-element_type=\"section\">\n\t\t\t\t\t\t<div class=\"elementor-container elementor-column-gap-default\">\n\t\t\t\t\t<div class=\"elementor-column elementor-col-100 elementor-top-column elementor-element elementor-element-4da31d9b\" data-id=\"4da31d9b\" data-element_type=\"column\">\n\t\t\t<div class=\"elementor-widget-wrap elementor-element-populated\">\n\t\t\t\t\t\t<div class=\"elementor-element elementor-element-3858e7b0 elementor-widget-divider--view-line elementor-widget elementor-widget-divider\" data-id=\"3858e7b0\" data-element_type=\"widget\" data-widget_type=\"divider.default\">\n\t\t\t\t<div class=\"elementor-widget-container\">\n\t\t\t\t\t\t\t<div class=\"elementor-divider\">\n\t\t\t<span class=\"elementor-divider-separator\">\n\t\t\t\t\t\t<\/span>\n\t\t<\/div>\n\t\t\t\t\t\t<\/div>\n\t\t\t\t<\/div>\n\t\t\t\t\t<\/div>\n\t\t<\/div>\n\t\t\t\t\t<\/div>\n\t\t<\/section>\n\t\t\t\t<\/div>\n\t\t","protected":false},"excerpt":{"rendered":"<p>Valor do curso R$ 49,00\u00a0 Instrutores: Ivan Petrucci e Joao Sanches Sobre o curso Conteudos abordados Curriculo dos instrutores Aula Aberta Sobre o curso Objetivo Capacitar o aluno na compreens\u00e3o da L\u00f3gica Estruturada e desenvolvimento de aplica\u00e7\u00f5es COBOL usando&nbsp; arquivos sequenciais&nbsp;Instale e pratique em seu proprio servidor LOCAL&nbsp; Publico Alvo&hellip;<\/p>\n","protected":false},"author":1,"featured_media":0,"parent":0,"menu_order":0,"comment_status":"closed","ping_status":"closed","template":"elementor_header_footer","meta":{"_monsterinsights_skip_tracking":false,"_monsterinsights_sitenote_active":false,"_monsterinsights_sitenote_note":"","_monsterinsights_sitenote_category":0,"footnotes":""},"class_list":["post-2524","page","type-page","status-publish","hentry"],"_links":{"self":[{"href":"https:\/\/escoladeprogramadores.com.br\/2025\/wp-json\/wp\/v2\/pages\/2524","targetHints":{"allow":["GET"]}}],"collection":[{"href":"https:\/\/escoladeprogramadores.com.br\/2025\/wp-json\/wp\/v2\/pages"}],"about":[{"href":"https:\/\/escoladeprogramadores.com.br\/2025\/wp-json\/wp\/v2\/types\/page"}],"author":[{"embeddable":true,"href":"https:\/\/escoladeprogramadores.com.br\/2025\/wp-json\/wp\/v2\/users\/1"}],"replies":[{"embeddable":true,"href":"https:\/\/escoladeprogramadores.com.br\/2025\/wp-json\/wp\/v2\/comments?post=2524"}],"version-history":[{"count":22,"href":"https:\/\/escoladeprogramadores.com.br\/2025\/wp-json\/wp\/v2\/pages\/2524\/revisions"}],"predecessor-version":[{"id":2689,"href":"https:\/\/escoladeprogramadores.com.br\/2025\/wp-json\/wp\/v2\/pages\/2524\/revisions\/2689"}],"wp:attachment":[{"href":"https:\/\/escoladeprogramadores.com.br\/2025\/wp-json\/wp\/v2\/media?parent=2524"}],"curies":[{"name":"wp","href":"https:\/\/api.w.org\/{rel}","templated":true}]}}