{"id":757,"date":"2019-12-18T18:33:12","date_gmt":"2019-12-18T21:33:12","guid":{"rendered":"http:\/\/escoladeprogramadores.com.br\/site\/?page_id=757"},"modified":"2025-08-18T20:00:43","modified_gmt":"2025-08-18T23:00:43","slug":"curso-de-rexx","status":"publish","type":"page","link":"https:\/\/escoladeprogramadores.com.br\/2025\/curso-de-rexx\/","title":{"rendered":"Curso de REXX"},"content":{"rendered":"\t\t<div data-elementor-type=\"wp-page\" data-elementor-id=\"757\" class=\"elementor elementor-757\">\n\t\t\t\t\t\t<section class=\"elementor-section elementor-top-section elementor-element elementor-element-3336a977 elementor-section-boxed elementor-section-height-default elementor-section-height-default\" data-id=\"3336a977\" data-element_type=\"section\">\n\t\t\t\t\t\t<div class=\"elementor-container elementor-column-gap-default\">\n\t\t\t\t\t<div class=\"elementor-column elementor-col-50 elementor-top-column elementor-element elementor-element-681921b2\" data-id=\"681921b2\" data-element_type=\"column\">\n\t\t\t<div class=\"elementor-widget-wrap elementor-element-populated\">\n\t\t\t\t\t\t<div class=\"elementor-element elementor-element-878d560 elementor-widget elementor-widget-image\" data-id=\"878d560\" data-element_type=\"widget\" data-widget_type=\"image.default\">\n\t\t\t\t<div class=\"elementor-widget-container\">\n\t\t\t\t\t\t\t\t\t\t\t\t\t\t\t<img fetchpriority=\"high\" decoding=\"async\" width=\"340\" height=\"171\" src=\"https:\/\/escoladeprogramadores.com.br\/2025\/wp-content\/uploads\/2019\/12\/rexx_miniBannerFinal.jpg\" class=\"attachment-large size-large wp-image-650\" alt=\"\" srcset=\"https:\/\/escoladeprogramadores.com.br\/2025\/wp-content\/uploads\/2019\/12\/rexx_miniBannerFinal.jpg 340w, https:\/\/escoladeprogramadores.com.br\/2025\/wp-content\/uploads\/2019\/12\/rexx_miniBannerFinal-300x151.jpg 300w\" sizes=\"(max-width: 340px) 100vw, 340px\" \/>\t\t\t\t\t\t\t\t\t\t\t\t\t\t\t<\/div>\n\t\t\t\t<\/div>\n\t\t\t\t\t<\/div>\n\t\t<\/div>\n\t\t\t\t<div class=\"elementor-column elementor-col-50 elementor-top-column elementor-element elementor-element-6dd6aa4f\" data-id=\"6dd6aa4f\" data-element_type=\"column\">\n\t\t\t<div class=\"elementor-widget-wrap elementor-element-populated\">\n\t\t\t\t\t\t<div class=\"elementor-element elementor-element-7bcc7e50 elementor-widget elementor-widget-text-editor\" data-id=\"7bcc7e50\" data-element_type=\"widget\" data-widget_type=\"text-editor.default\">\n\t\t\t\t<div class=\"elementor-widget-container\">\n\t\t\t\t\t\t\t\t\t<h1><strong>Valor do curso <br \/><span style=\"color: #ff0000;\">R$ 249,00 <span style=\"font-size: 16px;\"> (em at\u00e9 4x) <\/span> <\/span><\/strong><\/h1><p>Instrutor: Ivan<\/p>\t\t\t\t\t\t\t\t<\/div>\n\t\t\t\t<\/div>\n\t\t\t\t\t<\/div>\n\t\t<\/div>\n\t\t\t\t\t<\/div>\n\t\t<\/section>\n\t\t\t\t<section class=\"elementor-section elementor-top-section elementor-element elementor-element-48aa5eb3 elementor-section-boxed elementor-section-height-default elementor-section-height-default\" data-id=\"48aa5eb3\" data-element_type=\"section\">\n\t\t\t\t\t\t<div class=\"elementor-container elementor-column-gap-default\">\n\t\t\t\t\t<div class=\"elementor-column elementor-col-100 elementor-top-column elementor-element elementor-element-2eb39d49\" data-id=\"2eb39d49\" data-element_type=\"column\">\n\t\t\t<div class=\"elementor-widget-wrap elementor-element-populated\">\n\t\t\t\t\t\t<div class=\"elementor-element elementor-element-21cfc310 elementor-tabs-view-horizontal elementor-widget elementor-widget-tabs\" data-id=\"21cfc310\" data-element_type=\"widget\" data-widget_type=\"tabs.default\">\n\t\t\t\t<div class=\"elementor-widget-container\">\n\t\t\t\t\t\t\t<div class=\"elementor-tabs\">\n\t\t\t<div class=\"elementor-tabs-wrapper\" role=\"tablist\" >\n\t\t\t\t\t\t\t\t\t<div id=\"elementor-tab-title-5671\" class=\"elementor-tab-title elementor-tab-desktop-title\" aria-selected=\"true\" data-tab=\"1\" role=\"tab\" tabindex=\"0\" aria-controls=\"elementor-tab-content-5671\" aria-expanded=\"false\">Sobre o curso<\/div>\n\t\t\t\t\t\t\t\t\t<div id=\"elementor-tab-title-5672\" class=\"elementor-tab-title elementor-tab-desktop-title\" aria-selected=\"false\" data-tab=\"2\" role=\"tab\" tabindex=\"-1\" aria-controls=\"elementor-tab-content-5672\" aria-expanded=\"false\">Conteudos abordados<\/div>\n\t\t\t\t\t\t\t\t\t<div id=\"elementor-tab-title-5673\" class=\"elementor-tab-title elementor-tab-desktop-title\" aria-selected=\"false\" data-tab=\"3\" role=\"tab\" tabindex=\"-1\" aria-controls=\"elementor-tab-content-5673\" aria-expanded=\"false\">Como funciona o curso !<\/div>\n\t\t\t\t\t\t\t\t\t<div id=\"elementor-tab-title-5674\" class=\"elementor-tab-title elementor-tab-desktop-title\" aria-selected=\"false\" data-tab=\"4\" role=\"tab\" tabindex=\"-1\" aria-controls=\"elementor-tab-content-5674\" aria-expanded=\"false\">Curriculo dos instrutores<\/div>\n\t\t\t\t\t\t\t\t\t<div id=\"elementor-tab-title-5675\" class=\"elementor-tab-title elementor-tab-desktop-title\" aria-selected=\"false\" data-tab=\"5\" role=\"tab\" tabindex=\"-1\" aria-controls=\"elementor-tab-content-5675\" aria-expanded=\"false\">Aula Aberta<\/div>\n\t\t\t\t\t\t\t<\/div>\n\t\t\t<div class=\"elementor-tabs-content-wrapper\" role=\"tablist\" aria-orientation=\"vertical\">\n\t\t\t\t\t\t\t\t\t<div class=\"elementor-tab-title elementor-tab-mobile-title\" aria-selected=\"true\" data-tab=\"1\" role=\"tab\" tabindex=\"0\" aria-controls=\"elementor-tab-content-5671\" aria-expanded=\"false\">Sobre o curso<\/div>\n\t\t\t\t\t<div id=\"elementor-tab-content-5671\" class=\"elementor-tab-content elementor-clearfix\" data-tab=\"1\" role=\"tabpanel\" aria-labelledby=\"elementor-tab-title-5671\" tabindex=\"0\" hidden=\"false\"><div><div><h5><strong>Objetivo<\/strong><\/h5><p>Capacitar o participante a criar, executar, depurar e modificar programas na linguagem REXX no ambiente MVS<\/p><h5><strong>Publico Alvo<\/strong><\/h5><p>Areas de Produ\u00e7\u00e3o, Opera\u00e7\u00e3o, Suporte e Desenvolvimento<\/p><\/div><h5><strong>Pr\u00e9-Requisitos<\/strong><\/h5><p>Nenhum<\/p><h5><strong>Equipamentos necess\u00e1rios:<\/strong><\/h5><p>Computador ou tablet com acesso a qualquer navegador WEB com 1GB mem\u00f3ria<\/p><div><h5><strong>Carga Horaria: <\/strong><\/h5><p>16 horas &#8211;\u00a0 ( Tempo previsto para conclus\u00e3o do curso e suporte as duvidas de 02 meses \/ <strong>As video aulas s\u00e3o vitalicias<\/strong> )<\/p><p>Todo o conteudo \u00e9 ministrado com video-aulas onde professor conduz cada aula com a conceituacao teorica e em seguida propoe a atividade pratica , que poder\u00e1 ser feita (dependendo do curso) na maquina do aluno ou no ambiente PRATICO\u00a0 exclusivamente educacional disponibilizado .O sucesso do curso esta no acompanhamento destas aulas e a disciplina de assistir e fazer os exercicios.<\/p><p><b>Observa\u00e7\u00e3o:<\/b> O acesso as aulas e laborat\u00f3rio pr\u00e1tico ser\u00e1 enviado por email em at\u00e9 04 (quatro) horas ap\u00f3s a confirma\u00e7\u00e3o da compra.\u00a0<\/p><\/div><\/div><div>\u00a0<\/div><\/div>\n\t\t\t\t\t\t\t\t\t<div class=\"elementor-tab-title elementor-tab-mobile-title\" aria-selected=\"false\" data-tab=\"2\" role=\"tab\" tabindex=\"-1\" aria-controls=\"elementor-tab-content-5672\" aria-expanded=\"false\">Conteudos abordados<\/div>\n\t\t\t\t\t<div id=\"elementor-tab-content-5672\" class=\"elementor-tab-content elementor-clearfix\" data-tab=\"2\" role=\"tabpanel\" aria-labelledby=\"elementor-tab-title-5672\" tabindex=\"0\" hidden=\"hidden\"><h4><span style=\"color: #000000;\"><strong>M\u00f3dulo: REXX<br \/><\/strong><\/span><\/h4><p><span style=\"color: #999999;\"><em>Estrutura da linguagem, uso de datasets\u00a0 e manipulacao de DB2 e VSAM\u00a0 com REXX<br \/><\/em><\/span><\/p><ul><li>Revis\u00e3o de TSO<\/li><li>Configurando o Dataset para padrao de execucao<\/li><li>Criando o particionado<\/li><li>Criando o primeiro REXX<\/li><li>Formas de executar REXX<\/li><li>Expressoes \/ Operadores<\/li><li>Variaveis Simples e Indice<\/li><li>Recebendo ARGumentos de fora do REXX<\/li><li>Recebendo ARGumentos dentro do REXX<\/li><li>Interagindo com o comando PULL<\/li><li>Concatenacao<\/li><li>Decisoes com IF<\/li><li>Loops com DO<\/li><li>Zerando vari\u00e1veis com DROP<\/li><li>Comando ADDRESS<\/li><li>Debugando com TRACE<\/li><li>Sub-rotinas &#8211; Escrita e uso<\/li><li>Procedures EXPOSES<\/li><li>Funcoes internas e Externas no REXX<\/li><li>Acessando arquivos (Datasets)<\/li><li>Leitura e grava\u00e7\u00e3o de PILHAS<\/li><li>Comandos ALLOCATE e EXECIO<\/li><li>Usando o Interpret<\/li><li>Lendo dados de uma tabela DB2<\/li><li>Paineis (Cria\u00e7\u00e3o, troca de dados, cores , leitura de datasets via painel interativo)<\/li><li>\u00a0ISPEXEC , ISPPLIB, DISPLAY, REFRESH<\/li><\/ul><hr \/><p><strong>IMPORTANTE : O curso contratado \u00e9 composto por VIDEO AULAS e apostilas de apoio.<\/strong><br \/><strong>Os exercicios propostos pelo professor podem ser exercitados em qualquer ambiente que possua TSO e DB2.<\/strong><br \/><strong>Oferecemos aos alunos acesso a um ambiente EXCLUSIVAMENTE educacional para pratica desses exercicios.<\/strong><br \/><strong><i>Esse ambiente n\u00e3o faz parte da compra do curso e sim \u00e9 oferecido como apoio apenas a fixacao dos exercicios.<\/i><\/strong><\/p><div id=\"kpm-root\" class=\"kpm_LTR\">\u00a0<\/div><\/div>\n\t\t\t\t\t\t\t\t\t<div class=\"elementor-tab-title elementor-tab-mobile-title\" aria-selected=\"false\" data-tab=\"3\" role=\"tab\" tabindex=\"-1\" aria-controls=\"elementor-tab-content-5673\" aria-expanded=\"false\">Como funciona o curso !<\/div>\n\t\t\t\t\t<div id=\"elementor-tab-content-5673\" class=\"elementor-tab-content elementor-clearfix\" data-tab=\"3\" role=\"tabpanel\" aria-labelledby=\"elementor-tab-title-5673\" tabindex=\"0\" hidden=\"hidden\"><div style=\"padding: 52.81% 0 0 0; position: relative;\"><iframe style=\"position: absolute; top: 0; left: 0; width: 100%; height: 100%;\" data-src=\"https:\/\/player.vimeo.com\/video\/382325015?autoplay=0&amp;loop=0&amp;color=ffffff&amp;title=0&amp;byline=0&amp;portrait=0\" frameborder=\"0\" allowfullscreen=\"allowfullscreen\" src=\"data:image\/svg+xml;base64,PHN2ZyB3aWR0aD0iMSIgaGVpZ2h0PSIxIiB4bWxucz0iaHR0cDovL3d3dy53My5vcmcvMjAwMC9zdmciPjwvc3ZnPg==\" class=\"lazyload\" data-load-mode=\"1\"><\/iframe><\/div><p><script src=\"https:\/\/player.vimeo.com\/api\/player.js\"><\/script><\/p><div id=\"kpm-root\" class=\"kpm_LTR\">\u00a0<\/div><\/div>\n\t\t\t\t\t\t\t\t\t<div class=\"elementor-tab-title elementor-tab-mobile-title\" aria-selected=\"false\" data-tab=\"4\" role=\"tab\" tabindex=\"-1\" aria-controls=\"elementor-tab-content-5674\" aria-expanded=\"false\">Curriculo dos instrutores<\/div>\n\t\t\t\t\t<div id=\"elementor-tab-content-5674\" class=\"elementor-tab-content elementor-clearfix\" data-tab=\"4\" role=\"tabpanel\" aria-labelledby=\"elementor-tab-title-5674\" tabindex=\"0\" hidden=\"hidden\"><p><img decoding=\"async\" class=\"alignnone wp-image-603 lazyload\" data-src=\"http:\/\/escoladeprogramadores.com.br\/site\/wp-content\/uploads\/2019\/12\/avatar_instrutor.jpg\" alt=\"\" width=\"53\" height=\"51\" src=\"data:image\/svg+xml;base64,PHN2ZyB3aWR0aD0iMSIgaGVpZ2h0PSIxIiB4bWxucz0iaHR0cDovL3d3dy53My5vcmcvMjAwMC9zdmciPjwvc3ZnPg==\" style=\"--smush-placeholder-width: 53px; --smush-placeholder-aspect-ratio: 53\/51;\" \/>\u00a0 <strong>Ivan Sanches<br \/><\/strong><\/p><p>Ivan Sanches \u00e9 p\u00f3s-graduado em Desenvolvimento Mobile. Possui certifica\u00e7\u00f5es Microsoft, Oracle e IBM. Atua como consultor de tecnologia e desenvolvedor de sistemas em PHP, JAVA, Phyton e Mainframe (Cobol, VSAM, DB2, CICS, Assembler, REXX). Atualmente desenvolvendo solu\u00e7\u00f5es de troca de dados entre mainframe e plataforma open atrav\u00e9s de Hadoop e Spark.<br \/><span style=\"text-decoration: underline;\">Instrutor dos cursos de <strong>Cobol, CICS , JCL e REXX<\/strong><\/span><\/p><div id=\"kpm-root\" class=\"kpm_LTR\">\u00a0<\/div><\/div>\n\t\t\t\t\t\t\t\t\t<div class=\"elementor-tab-title elementor-tab-mobile-title\" aria-selected=\"false\" data-tab=\"5\" role=\"tab\" tabindex=\"-1\" aria-controls=\"elementor-tab-content-5675\" aria-expanded=\"false\">Aula Aberta<\/div>\n\t\t\t\t\t<div id=\"elementor-tab-content-5675\" class=\"elementor-tab-content elementor-clearfix\" data-tab=\"5\" role=\"tabpanel\" aria-labelledby=\"elementor-tab-title-5675\" tabindex=\"0\" hidden=\"hidden\"><div style=\"padding: 52.81% 0 0 0; position: relative;\"><iframe style=\"position: absolute; top: 0; left: 0; width: 100%; height: 100%;\" data-src=\"https:\/\/player.vimeo.com\/video\/393692549?autoplay=0&amp;loop=0&amp;color=ffffff&amp;title=0&amp;byline=0&amp;portrait=0\" frameborder=\"0\" allowfullscreen=\"allowfullscreen\" src=\"data:image\/svg+xml;base64,PHN2ZyB3aWR0aD0iMSIgaGVpZ2h0PSIxIiB4bWxucz0iaHR0cDovL3d3dy53My5vcmcvMjAwMC9zdmciPjwvc3ZnPg==\" class=\"lazyload\" data-load-mode=\"1\"><\/iframe><\/div><p><script src=\"https:\/\/player.vimeo.com\/api\/player.js\"><\/script><\/p><div id=\"kpm-root\" class=\"kpm_LTR\">\u00a0<\/div><\/div>\n\t\t\t\t\t\t\t<\/div>\n\t\t<\/div>\n\t\t\t\t\t\t<\/div>\n\t\t\t\t<\/div>\n\t\t\t\t\t<\/div>\n\t\t<\/div>\n\t\t\t\t\t<\/div>\n\t\t<\/section>\n\t\t\t\t<section class=\"elementor-section elementor-top-section elementor-element elementor-element-0b1e35e elementor-section-boxed elementor-section-height-default elementor-section-height-default\" data-id=\"0b1e35e\" data-element_type=\"section\">\n\t\t\t\t\t\t<div class=\"elementor-container elementor-column-gap-default\">\n\t\t\t\t\t<div class=\"elementor-column elementor-col-100 elementor-top-column elementor-element elementor-element-debe1ab\" data-id=\"debe1ab\" data-element_type=\"column\">\n\t\t\t<div class=\"elementor-widget-wrap\">\n\t\t\t\t\t\t\t<\/div>\n\t\t<\/div>\n\t\t\t\t\t<\/div>\n\t\t<\/section>\n\t\t\t\t<section class=\"elementor-section elementor-top-section elementor-element elementor-element-31b4854c elementor-section-boxed elementor-section-height-default elementor-section-height-default\" data-id=\"31b4854c\" data-element_type=\"section\">\n\t\t\t\t\t\t<div class=\"elementor-container elementor-column-gap-default\">\n\t\t\t\t\t<div class=\"elementor-column elementor-col-100 elementor-top-column elementor-element elementor-element-10db4762\" data-id=\"10db4762\" data-element_type=\"column\">\n\t\t\t<div class=\"elementor-widget-wrap\">\n\t\t\t\t\t\t\t<\/div>\n\t\t<\/div>\n\t\t\t\t\t<\/div>\n\t\t<\/section>\n\t\t\t\t<section class=\"elementor-section elementor-top-section elementor-element elementor-element-53d91475 elementor-section-boxed elementor-section-height-default elementor-section-height-default\" data-id=\"53d91475\" data-element_type=\"section\">\n\t\t\t\t\t\t<div class=\"elementor-container elementor-column-gap-default\">\n\t\t\t\t\t<div class=\"elementor-column elementor-col-100 elementor-top-column elementor-element elementor-element-4c770ac4\" data-id=\"4c770ac4\" data-element_type=\"column\">\n\t\t\t<div class=\"elementor-widget-wrap elementor-element-populated\">\n\t\t\t\t\t\t<div class=\"elementor-element elementor-element-c24bd98 elementor-widget elementor-widget-html\" data-id=\"c24bd98\" data-element_type=\"widget\" data-widget_type=\"html.default\">\n\t\t\t\t<div class=\"elementor-widget-container\">\n\t\t\t\t\t<!-- INICIO DO BOTAO PAGSEGURO --><a href=\"https:\/\/pag.ae\/7_YfeLppo\/button\" target=\"_blank\" title=\"Pagar com PagSeguro\"><img decoding=\"async\" data-src=\"\/\/assets.pagseguro.com.br\/ps-integration-assets\/botoes\/pagamentos\/205x30-pagar-azul.gif\" alt=\"Pague com PagSeguro - \u00e9 r\u00e1pido, gr\u00e1tis e seguro!\" src=\"data:image\/svg+xml;base64,PHN2ZyB3aWR0aD0iMSIgaGVpZ2h0PSIxIiB4bWxucz0iaHR0cDovL3d3dy53My5vcmcvMjAwMC9zdmciPjwvc3ZnPg==\" class=\"lazyload\" \/><\/a><!-- FIM DO BOTAO PAGSEGURO -->\t\t\t\t<\/div>\n\t\t\t\t<\/div>\n\t\t\t\t<div class=\"elementor-element elementor-element-62bed854 elementor-widget-divider--view-line elementor-widget elementor-widget-divider\" data-id=\"62bed854\" data-element_type=\"widget\" data-widget_type=\"divider.default\">\n\t\t\t\t<div class=\"elementor-widget-container\">\n\t\t\t\t\t\t\t<div class=\"elementor-divider\">\n\t\t\t<span class=\"elementor-divider-separator\">\n\t\t\t\t\t\t<\/span>\n\t\t<\/div>\n\t\t\t\t\t\t<\/div>\n\t\t\t\t<\/div>\n\t\t\t\t\t<\/div>\n\t\t<\/div>\n\t\t\t\t\t<\/div>\n\t\t<\/section>\n\t\t\t\t<section class=\"elementor-section elementor-top-section elementor-element elementor-element-1f40fcbc elementor-section-boxed elementor-section-height-default elementor-section-height-default\" data-id=\"1f40fcbc\" data-element_type=\"section\">\n\t\t\t\t\t\t<div class=\"elementor-container elementor-column-gap-default\">\n\t\t\t\t\t<div class=\"elementor-column elementor-col-100 elementor-top-column elementor-element elementor-element-4aa72577\" data-id=\"4aa72577\" data-element_type=\"column\">\n\t\t\t<div class=\"elementor-widget-wrap elementor-element-populated\">\n\t\t\t\t\t\t<div class=\"elementor-element elementor-element-603cc4f9 elementor-widget elementor-widget-text-editor\" data-id=\"603cc4f9\" data-element_type=\"widget\" data-widget_type=\"text-editor.default\">\n\t\t\t\t<div class=\"elementor-widget-container\">\n\t\t\t\t\t\t\t\t\t<p>\u00a0<\/p><p>\u00a0<\/p>\t\t\t\t\t\t\t\t<\/div>\n\t\t\t\t<\/div>\n\t\t\t\t\t<\/div>\n\t\t<\/div>\n\t\t\t\t\t<\/div>\n\t\t<\/section>\n\t\t\t\t<\/div>\n\t\t","protected":false},"excerpt":{"rendered":"<p>Valor do curso R$ 249,00 (em at\u00e9 4x) Instrutor: Ivan Sobre o curso Conteudos abordados Como funciona o curso ! Curriculo dos instrutores Aula Aberta Sobre o curso Objetivo Capacitar o participante a criar, executar, depurar e modificar programas na linguagem REXX no ambiente MVS Publico Alvo Areas de Produ\u00e7\u00e3o,&hellip;<\/p>\n","protected":false},"author":1,"featured_media":0,"parent":0,"menu_order":0,"comment_status":"closed","ping_status":"closed","template":"elementor_header_footer","meta":{"_monsterinsights_skip_tracking":false,"_monsterinsights_sitenote_active":false,"_monsterinsights_sitenote_note":"","_monsterinsights_sitenote_category":0,"footnotes":""},"class_list":["post-757","page","type-page","status-publish","hentry"],"_links":{"self":[{"href":"https:\/\/escoladeprogramadores.com.br\/2025\/wp-json\/wp\/v2\/pages\/757","targetHints":{"allow":["GET"]}}],"collection":[{"href":"https:\/\/escoladeprogramadores.com.br\/2025\/wp-json\/wp\/v2\/pages"}],"about":[{"href":"https:\/\/escoladeprogramadores.com.br\/2025\/wp-json\/wp\/v2\/types\/page"}],"author":[{"embeddable":true,"href":"https:\/\/escoladeprogramadores.com.br\/2025\/wp-json\/wp\/v2\/users\/1"}],"replies":[{"embeddable":true,"href":"https:\/\/escoladeprogramadores.com.br\/2025\/wp-json\/wp\/v2\/comments?post=757"}],"version-history":[{"count":46,"href":"https:\/\/escoladeprogramadores.com.br\/2025\/wp-json\/wp\/v2\/pages\/757\/revisions"}],"predecessor-version":[{"id":2686,"href":"https:\/\/escoladeprogramadores.com.br\/2025\/wp-json\/wp\/v2\/pages\/757\/revisions\/2686"}],"wp:attachment":[{"href":"https:\/\/escoladeprogramadores.com.br\/2025\/wp-json\/wp\/v2\/media?parent=757"}],"curies":[{"name":"wp","href":"https:\/\/api.w.org\/{rel}","templated":true}]}}