{"id":762,"date":"2019-12-18T18:37:04","date_gmt":"2019-12-18T21:37:04","guid":{"rendered":"http:\/\/escoladeprogramadores.com.br\/site\/?page_id=762"},"modified":"2025-08-18T19:54:03","modified_gmt":"2025-08-18T22:54:03","slug":"curso-de-assembler","status":"publish","type":"page","link":"https:\/\/escoladeprogramadores.com.br\/2025\/curso-de-assembler\/","title":{"rendered":"Curso de Assembler"},"content":{"rendered":"\t\t<div data-elementor-type=\"wp-page\" data-elementor-id=\"762\" class=\"elementor elementor-762\">\n\t\t\t\t\t\t<section class=\"elementor-section elementor-top-section elementor-element elementor-element-564a0f5e elementor-section-boxed elementor-section-height-default elementor-section-height-default\" data-id=\"564a0f5e\" data-element_type=\"section\">\n\t\t\t\t\t\t<div class=\"elementor-container elementor-column-gap-default\">\n\t\t\t\t\t<div class=\"elementor-column elementor-col-50 elementor-top-column elementor-element elementor-element-484bdff2\" data-id=\"484bdff2\" data-element_type=\"column\">\n\t\t\t<div class=\"elementor-widget-wrap elementor-element-populated\">\n\t\t\t\t\t\t<div class=\"elementor-element elementor-element-167240c3 elementor-widget elementor-widget-image\" data-id=\"167240c3\" data-element_type=\"widget\" data-widget_type=\"image.default\">\n\t\t\t\t<div class=\"elementor-widget-container\">\n\t\t\t\t\t\t\t\t\t\t\t\t\t\t\t<img fetchpriority=\"high\" decoding=\"async\" width=\"340\" height=\"171\" src=\"https:\/\/escoladeprogramadores.com.br\/2025\/wp-content\/uploads\/2019\/12\/ASSEMBLER_miniBannerFinal-Copy.jpg\" class=\"attachment-large size-large wp-image-642\" alt=\"\" srcset=\"https:\/\/escoladeprogramadores.com.br\/2025\/wp-content\/uploads\/2019\/12\/ASSEMBLER_miniBannerFinal-Copy.jpg 340w, https:\/\/escoladeprogramadores.com.br\/2025\/wp-content\/uploads\/2019\/12\/ASSEMBLER_miniBannerFinal-Copy-300x151.jpg 300w\" sizes=\"(max-width: 340px) 100vw, 340px\" \/>\t\t\t\t\t\t\t\t\t\t\t\t\t\t\t<\/div>\n\t\t\t\t<\/div>\n\t\t\t\t\t<\/div>\n\t\t<\/div>\n\t\t\t\t<div class=\"elementor-column elementor-col-50 elementor-top-column elementor-element elementor-element-3a14305e\" data-id=\"3a14305e\" data-element_type=\"column\">\n\t\t\t<div class=\"elementor-widget-wrap elementor-element-populated\">\n\t\t\t\t\t\t<div class=\"elementor-element elementor-element-12a6f41 elementor-widget elementor-widget-text-editor\" data-id=\"12a6f41\" data-element_type=\"widget\" data-widget_type=\"text-editor.default\">\n\t\t\t\t<div class=\"elementor-widget-container\">\n\t\t\t\t\t\t\t\t\t<h1><strong>Valor do curso<br \/><span style=\"color: #ff0000;\">R$ 297,00 <span style=\"font-size: 16px;\"> (em at\u00e9 6x) <\/span> <\/span><\/strong><\/h1><p>Instrutor: Armando<\/p>\t\t\t\t\t\t\t\t<\/div>\n\t\t\t\t<\/div>\n\t\t\t\t\t<\/div>\n\t\t<\/div>\n\t\t\t\t\t<\/div>\n\t\t<\/section>\n\t\t\t\t<section class=\"elementor-section elementor-top-section elementor-element elementor-element-325b2cd6 elementor-section-boxed elementor-section-height-default elementor-section-height-default\" data-id=\"325b2cd6\" data-element_type=\"section\">\n\t\t\t\t\t\t<div class=\"elementor-container elementor-column-gap-default\">\n\t\t\t\t\t<div class=\"elementor-column elementor-col-100 elementor-top-column elementor-element elementor-element-5b3a3fa4\" data-id=\"5b3a3fa4\" data-element_type=\"column\">\n\t\t\t<div class=\"elementor-widget-wrap elementor-element-populated\">\n\t\t\t\t\t\t<div class=\"elementor-element elementor-element-6f2b52aa elementor-tabs-view-horizontal elementor-widget elementor-widget-tabs\" data-id=\"6f2b52aa\" data-element_type=\"widget\" data-widget_type=\"tabs.default\">\n\t\t\t\t<div class=\"elementor-widget-container\">\n\t\t\t\t\t\t\t<div class=\"elementor-tabs\">\n\t\t\t<div class=\"elementor-tabs-wrapper\" role=\"tablist\" >\n\t\t\t\t\t\t\t\t\t<div id=\"elementor-tab-title-1861\" class=\"elementor-tab-title elementor-tab-desktop-title\" aria-selected=\"true\" data-tab=\"1\" role=\"tab\" tabindex=\"0\" aria-controls=\"elementor-tab-content-1861\" aria-expanded=\"false\">Sobre o curso<\/div>\n\t\t\t\t\t\t\t\t\t<div id=\"elementor-tab-title-1862\" class=\"elementor-tab-title elementor-tab-desktop-title\" aria-selected=\"false\" data-tab=\"2\" role=\"tab\" tabindex=\"-1\" aria-controls=\"elementor-tab-content-1862\" aria-expanded=\"false\">Conteudos abordados<\/div>\n\t\t\t\t\t\t\t\t\t<div id=\"elementor-tab-title-1863\" class=\"elementor-tab-title elementor-tab-desktop-title\" aria-selected=\"false\" data-tab=\"3\" role=\"tab\" tabindex=\"-1\" aria-controls=\"elementor-tab-content-1863\" aria-expanded=\"false\">Como funciona o curso !<\/div>\n\t\t\t\t\t\t\t\t\t<div id=\"elementor-tab-title-1864\" class=\"elementor-tab-title elementor-tab-desktop-title\" aria-selected=\"false\" data-tab=\"4\" role=\"tab\" tabindex=\"-1\" aria-controls=\"elementor-tab-content-1864\" aria-expanded=\"false\">Curriculo dos instrutores<\/div>\n\t\t\t\t\t\t\t\t\t<div id=\"elementor-tab-title-1865\" class=\"elementor-tab-title elementor-tab-desktop-title\" aria-selected=\"false\" data-tab=\"5\" role=\"tab\" tabindex=\"-1\" aria-controls=\"elementor-tab-content-1865\" aria-expanded=\"false\">Aula Aberta<\/div>\n\t\t\t\t\t\t\t<\/div>\n\t\t\t<div class=\"elementor-tabs-content-wrapper\" role=\"tablist\" aria-orientation=\"vertical\">\n\t\t\t\t\t\t\t\t\t<div class=\"elementor-tab-title elementor-tab-mobile-title\" aria-selected=\"true\" data-tab=\"1\" role=\"tab\" tabindex=\"0\" aria-controls=\"elementor-tab-content-1861\" aria-expanded=\"false\">Sobre o curso<\/div>\n\t\t\t\t\t<div id=\"elementor-tab-content-1861\" class=\"elementor-tab-content elementor-clearfix\" data-tab=\"1\" role=\"tabpanel\" aria-labelledby=\"elementor-tab-title-1861\" tabindex=\"0\" hidden=\"false\"><div>\n<div>\n<h5><strong>Objetivo<\/strong><\/h5>\n<p>Apresenta as estruturas e recursos b\u00e1sicos da linguagem Assembler para cria\u00e7\u00e3o de aplica\u00e7\u00f5es ou rotinas utilit\u00e1rias para melhoria de performance em programas mainframe.<\/p>\n<h5><strong>Publico Alvo<\/strong><\/h5>\n<p>Profissionais de suporte e produ\u00e7\u00e3o<br>Estudantes ou Programadores de qualquer linguagem Mainframe&nbsp;<\/p>\n<\/div>\n<h5><strong>Pr\u00e9-Requisitos<\/strong><\/h5>\n<p>Conhecimento de Cobol e arquivos<\/p>\n<h5><strong>Equipamentos necess\u00e1rios:<\/strong><\/h5>\n<p>Computador ou tablet com acesso a qualquer navegador WEB com 1GB mem\u00f3ria<\/p>\n<div>\n<h5><strong>Carga Horaria: <\/strong><\/h5>\n<p>32 horas &#8211; ( Tempo previsto para conclus\u00e3o do curso e suporte as duvidas de 02 meses \/ <strong>As video aulas s\u00e3o vitalicias<\/strong> )<\/p>\n<\/div>\n<\/div>\n<hr>\n<p><em>Todo o conteudo \u00e9 ministrado com video-aulas onde professor conduz cada aula com a conceituacao teorica e em seguida propoe a atividade pratica , que poder\u00e1 ser feita (dependendo do curso) na maquina do aluno ou no ambiente PRATICO&nbsp; exclusivamente educacional disponibilizado .<\/em><em>O sucesso do curso esta no acompanhamento destas aulas e a disciplina de assistir e fazer os exercicios.<\/em><\/p><p><i style=\"\"><b>Observa\u00e7\u00e3o: <\/b>O acesso as aulas e laborat\u00f3rio pr\u00e1tico ser\u00e1 enviado por email em at\u00e9 04 (quatro) horas ap\u00f3s a confirma\u00e7\u00e3o da compra.&nbsp;<\/i><\/p><p><br><\/p><\/div>\n\t\t\t\t\t\t\t\t\t<div class=\"elementor-tab-title elementor-tab-mobile-title\" aria-selected=\"false\" data-tab=\"2\" role=\"tab\" tabindex=\"-1\" aria-controls=\"elementor-tab-content-1862\" aria-expanded=\"false\">Conteudos abordados<\/div>\n\t\t\t\t\t<div id=\"elementor-tab-content-1862\" class=\"elementor-tab-content elementor-clearfix\" data-tab=\"2\" role=\"tabpanel\" aria-labelledby=\"elementor-tab-title-1862\" tabindex=\"0\" hidden=\"hidden\"><h4><span style=\"color: #000000;\"><strong>M\u00f3dulo:\u00a0 Assembler Mainframe<\/strong><\/span><\/h4><p><span style=\"color: #999999;\"><em>Conceitos e pratica dos principais elementos e recursos do Assembler no mainframe<\/em><\/span><\/p><ul><li>Conceitos gerais da linguagem<\/li><li>Codifica\u00e7\u00e3o e compila\u00e7\u00e3o de um programa<\/li><li>\u00a0Sistema bin\u00e1rio e hexadecimal<\/li><li>Mem\u00f3rias e registradores<\/li><li>Endere\u00e7amentos<\/li><li>AMODE, RMODE<\/li><li>DAT (Dynamic Address Translation)<\/li><li>PSW (Programa Status Word) e interrup\u00e7\u00f5es<\/li><li>Requisitos da linguagem assembler<\/li><li>Estrutura do programa assembler<br \/>\u00a0 \u00a0 \u00a0 USING, CSECT, ORG, DSORG, ENTRY<\/li><li>Estruturas e formato de dados<br \/>(constantes &#8211; DC e vari\u00e1veis &#8211; DS)<\/li><li>Literais<\/li><li>Atribui\u00e7\u00e3o de valores a s\u00edmbolos \u2013 EQU<br \/>Palavra (WORD), <br \/>meia-palavra (HALF-WORD) e <br \/>palavra-dupla (DOUBLE-WORD)<\/li><li>Estrutura e formato de instru\u00e7\u00f5es<br \/>(RR, RX, RS, SS, SI)<\/li><li>Registradores Gerais<\/li><li>Linkage Convention<\/li><li>Registrador(es) Base<br \/>\u00a0 \u00a0 \u00a0 \u00c1rea de salvamento<br \/>\u00a0 \u00a0 \u00a0 Macros SAVE e RETURN<\/li><li>Endere\u00e7amento: explicito e impl\u00edcito<\/li><li>Instru\u00e7\u00f5es de uso geral<\/li><li>Instru\u00e7\u00f5es de compara\u00e7\u00e3o<\/li><li>Instru\u00e7\u00f5es de desvio<\/li><li>Instru\u00e7\u00f5es de aritm\u00e9tica bin\u00e1ria<\/li><li>Instru\u00e7\u00f5es decimais<\/li><li>Instru\u00e7\u00f5es adicionais (TS e CS)<\/li><li>Uso de tabelas internas<\/li><li>Macros de entrada e sa\u00edda (arquivos sequenciais)<br \/>\u00a0 \u00a0 \u00a0 \u00a0DCB<br \/>\u00a0 \u00a0 \u00a0 \u00a0OPEN<br \/>\u00a0 \u00a0 \u00a0 \u00a0GET<br \/>\u00a0 \u00a0 \u00a0 \u00a0PUT<br \/>\u00a0 \u00a0 \u00a0 \u00a0CLOSE<\/li><li>Tratamento de exce\u00e7\u00f5es e gest\u00e3o de ABENDs<br \/>\u00a0 \u00a0 \u00a0 \u00a0Interrup\u00e7\u00f5es<br \/>\u00a0 \u00a0 \u00a0 \u00a0ABENDs<br \/>\u00a0 \u00a0 \u00a0 \u00a0DUMPs<\/li><\/ul><h4><strong><span style=\"color: #000000;\">M\u00f3dulo: Programas desenvolvidos<\/span><\/strong><\/h4><ul><li><p>Programa Soma e Subtra\u00e7\u00e3o, Multiplica\u00e7\u00e3o e Divis\u00e3o (formatos Pack e Bin\u00e1rio)<br \/><span style=\"color: var( --e-global-color-text ); font-family: var( --e-global-typography-text-font-family ), Sans-serif; font-weight: var( --e-global-typography-text-font-weight );\">Programa para compara\u00e7\u00e3o de\u00a0 3 numeros (codifica\u00e7\u00e3o)<br \/><\/span><span style=\"color: var( --e-global-color-text ); font-family: var( --e-global-typography-text-font-family ), Sans-serif; font-weight: var( --e-global-typography-text-font-weight );\">Algoritmo para calculo do\u00a0 cpf<br \/><\/span><span style=\"color: var( --e-global-color-text ); font-family: var( --e-global-typography-text-font-family ), Sans-serif; font-weight: var( --e-global-typography-text-font-weight );\">Codifica\u00e7\u00e3o do calculo do cpf (paragrafo)<br \/><\/span><span style=\"color: var( --e-global-color-text ); font-family: var( --e-global-typography-text-font-family ), Sans-serif; font-weight: var( --e-global-typography-text-font-weight );\">Reaproveitamento de c\u00f3digo<br \/><\/span><span style=\"color: var( --e-global-color-text ); font-family: var( --e-global-typography-text-font-family ), Sans-serif; font-weight: var( --e-global-typography-text-font-weight );\">Calculo em modulo separado (programa utilit\u00e1rio)<br \/><\/span><span style=\"color: var( --e-global-color-text ); font-family: var( --e-global-typography-text-font-family ), Sans-serif; font-weight: var( --e-global-typography-text-font-weight );\">Programa assembler acessado por Cobol<\/span><\/p><\/li><\/ul><hr \/><p><strong>IMPORTANTE : O curso contratado \u00e9 composto por VIDEO AULAS e apostilas de apoio. <\/strong><br \/><strong>Os exercicios propostos pelo professor podem ser exercitados em qualquer ambiente que possua TSO , JCL e COBOL<\/strong><br \/><strong>Oferecemos aos alunos acesso a um ambiente EXCLUSIVAMENTE educacional para pratica desses exercicios. <\/strong><br \/><strong><i>Esse ambiente n\u00e3o faz parte da compra do curso e sim \u00e9 oferecido como apoio apenas a fixacao dos exercicios.<\/i><\/strong><\/p><\/div>\n\t\t\t\t\t\t\t\t\t<div class=\"elementor-tab-title elementor-tab-mobile-title\" aria-selected=\"false\" data-tab=\"3\" role=\"tab\" tabindex=\"-1\" aria-controls=\"elementor-tab-content-1863\" aria-expanded=\"false\">Como funciona o curso !<\/div>\n\t\t\t\t\t<div id=\"elementor-tab-content-1863\" class=\"elementor-tab-content elementor-clearfix\" data-tab=\"3\" role=\"tabpanel\" aria-labelledby=\"elementor-tab-title-1863\" tabindex=\"0\" hidden=\"hidden\"><div style=\"padding: 52.81% 0 0 0; position: relative;\"><iframe style=\"position: absolute; top: 0; left: 0; width: 100%; height: 100%;\" data-src=\"https:\/\/player.vimeo.com\/video\/382322884?autoplay=0&amp;loop=0&amp;color=ffffff&amp;title=0&amp;byline=0&amp;portrait=0\" frameborder=\"0\" allowfullscreen=\"allowfullscreen\" src=\"data:image\/svg+xml;base64,PHN2ZyB3aWR0aD0iMSIgaGVpZ2h0PSIxIiB4bWxucz0iaHR0cDovL3d3dy53My5vcmcvMjAwMC9zdmciPjwvc3ZnPg==\" class=\"lazyload\" data-load-mode=\"1\"><\/iframe><\/div><p><script src=\"https:\/\/player.vimeo.com\/api\/player.js\"><\/script><\/p><\/div>\n\t\t\t\t\t\t\t\t\t<div class=\"elementor-tab-title elementor-tab-mobile-title\" aria-selected=\"false\" data-tab=\"4\" role=\"tab\" tabindex=\"-1\" aria-controls=\"elementor-tab-content-1864\" aria-expanded=\"false\">Curriculo dos instrutores<\/div>\n\t\t\t\t\t<div id=\"elementor-tab-content-1864\" class=\"elementor-tab-content elementor-clearfix\" data-tab=\"4\" role=\"tabpanel\" aria-labelledby=\"elementor-tab-title-1864\" tabindex=\"0\" hidden=\"hidden\"><p><img decoding=\"async\" class=\"alignnone wp-image-603 lazyload\" data-src=\"http:\/\/escoladeprogramadores.com.br\/site\/wp-content\/uploads\/2019\/12\/avatar_instrutor.jpg\" alt=\"\" width=\"83\" height=\"80\" src=\"data:image\/svg+xml;base64,PHN2ZyB3aWR0aD0iMSIgaGVpZ2h0PSIxIiB4bWxucz0iaHR0cDovL3d3dy53My5vcmcvMjAwMC9zdmciPjwvc3ZnPg==\" style=\"--smush-placeholder-width: 83px; --smush-placeholder-aspect-ratio: 83\/80;\" \/>\u00a0 \u00a0<strong>Armando Silva<\/strong><br \/>Armando \u00e9 programador mainframe desde 1971 com passagens por diversas consultorias e bancos.<br \/>Participou de dezenas de implementa\u00e7oes de sistemas. Atualmente dedica-se a instrutoria.<br \/><span style=\"text-decoration: underline;\">Instrutor dos cursos de <strong>Cobol, CICS e Assembler<\/strong><\/span><\/p><\/div>\n\t\t\t\t\t\t\t\t\t<div class=\"elementor-tab-title elementor-tab-mobile-title\" aria-selected=\"false\" data-tab=\"5\" role=\"tab\" tabindex=\"-1\" aria-controls=\"elementor-tab-content-1865\" aria-expanded=\"false\">Aula Aberta<\/div>\n\t\t\t\t\t<div id=\"elementor-tab-content-1865\" class=\"elementor-tab-content elementor-clearfix\" data-tab=\"5\" role=\"tabpanel\" aria-labelledby=\"elementor-tab-title-1865\" tabindex=\"0\" hidden=\"hidden\"><div style=\"padding: 52.81% 0 0 0; position: relative;\"><iframe style=\"position: absolute; top: 0; left: 0; width: 100%; height: 100%;\" data-src=\"https:\/\/player.vimeo.com\/video\/158861008?autoplay=0&amp;loop=0&amp;color=ffffff&amp;title=0&amp;byline=0&amp;portrait=0\" frameborder=\"0\" allowfullscreen=\"allowfullscreen\" src=\"data:image\/svg+xml;base64,PHN2ZyB3aWR0aD0iMSIgaGVpZ2h0PSIxIiB4bWxucz0iaHR0cDovL3d3dy53My5vcmcvMjAwMC9zdmciPjwvc3ZnPg==\" class=\"lazyload\" data-load-mode=\"1\"><\/iframe><\/div><p><script src=\"https:\/\/player.vimeo.com\/api\/player.js\"><\/script><\/p><\/div>\n\t\t\t\t\t\t\t<\/div>\n\t\t<\/div>\n\t\t\t\t\t\t<\/div>\n\t\t\t\t<\/div>\n\t\t\t\t\t<\/div>\n\t\t<\/div>\n\t\t\t\t\t<\/div>\n\t\t<\/section>\n\t\t\t\t<section class=\"elementor-section elementor-top-section elementor-element elementor-element-35edde2 elementor-section-boxed elementor-section-height-default elementor-section-height-default\" data-id=\"35edde2\" data-element_type=\"section\">\n\t\t\t\t\t\t<div class=\"elementor-container elementor-column-gap-default\">\n\t\t\t\t\t<div class=\"elementor-column elementor-col-100 elementor-top-column elementor-element elementor-element-e4f6623\" data-id=\"e4f6623\" data-element_type=\"column\">\n\t\t\t<div class=\"elementor-widget-wrap elementor-element-populated\">\n\t\t\t\t\t\t<div class=\"elementor-element elementor-element-9dd236b elementor-widget elementor-widget-html\" data-id=\"9dd236b\" data-element_type=\"widget\" data-widget_type=\"html.default\">\n\t\t\t\t<div class=\"elementor-widget-container\">\n\t\t\t\t\t<!-- INICIO DO BOTAO PAGSEGURO --><a href=\"https:\/\/pag.ae\/7Y-RnVoS6\/button\" target=\"_blank\" title=\"Pagar com PagSeguro\"><img decoding=\"async\" data-src=\"\/\/assets.pagseguro.com.br\/ps-integration-assets\/botoes\/pagamentos\/205x30-pagar-azul.gif\" alt=\"Pague com PagSeguro - \u00e9 r\u00e1pido, gr\u00e1tis e seguro!\" src=\"data:image\/svg+xml;base64,PHN2ZyB3aWR0aD0iMSIgaGVpZ2h0PSIxIiB4bWxucz0iaHR0cDovL3d3dy53My5vcmcvMjAwMC9zdmciPjwvc3ZnPg==\" class=\"lazyload\" \/><\/a><!-- FIM DO BOTAO PAGSEGURO -->\r\n\t\t\t\t<\/div>\n\t\t\t\t<\/div>\n\t\t\t\t\t<\/div>\n\t\t<\/div>\n\t\t\t\t\t<\/div>\n\t\t<\/section>\n\t\t\t\t<section class=\"elementor-section elementor-top-section elementor-element elementor-element-518cf4d0 elementor-section-boxed elementor-section-height-default elementor-section-height-default\" data-id=\"518cf4d0\" data-element_type=\"section\">\n\t\t\t\t\t\t<div class=\"elementor-container elementor-column-gap-default\">\n\t\t\t\t\t<div class=\"elementor-column elementor-col-100 elementor-top-column elementor-element elementor-element-6aac47d9\" data-id=\"6aac47d9\" data-element_type=\"column\">\n\t\t\t<div class=\"elementor-widget-wrap elementor-element-populated\">\n\t\t\t\t\t\t<div class=\"elementor-element elementor-element-5d8b3f07 elementor-widget-divider--view-line elementor-widget elementor-widget-divider\" data-id=\"5d8b3f07\" data-element_type=\"widget\" data-widget_type=\"divider.default\">\n\t\t\t\t<div class=\"elementor-widget-container\">\n\t\t\t\t\t\t\t<div class=\"elementor-divider\">\n\t\t\t<span class=\"elementor-divider-separator\">\n\t\t\t\t\t\t<\/span>\n\t\t<\/div>\n\t\t\t\t\t\t<\/div>\n\t\t\t\t<\/div>\n\t\t\t\t\t<\/div>\n\t\t<\/div>\n\t\t\t\t\t<\/div>\n\t\t<\/section>\n\t\t\t\t<section class=\"elementor-section elementor-top-section elementor-element elementor-element-c804bc9 elementor-section-boxed elementor-section-height-default elementor-section-height-default\" data-id=\"c804bc9\" data-element_type=\"section\">\n\t\t\t\t\t\t<div class=\"elementor-container elementor-column-gap-default\">\n\t\t\t\t\t<div class=\"elementor-column elementor-col-100 elementor-top-column elementor-element elementor-element-51523258\" data-id=\"51523258\" data-element_type=\"column\">\n\t\t\t<div class=\"elementor-widget-wrap elementor-element-populated\">\n\t\t\t\t\t\t<div class=\"elementor-element elementor-element-47670b6d elementor-widget elementor-widget-text-editor\" data-id=\"47670b6d\" data-element_type=\"widget\" data-widget_type=\"text-editor.default\">\n\t\t\t\t<div class=\"elementor-widget-container\">\n\t\t\t\t\t\t\t\t\t<p>\u00a0<\/p><p>\u00a0<\/p>\t\t\t\t\t\t\t\t<\/div>\n\t\t\t\t<\/div>\n\t\t\t\t\t<\/div>\n\t\t<\/div>\n\t\t\t\t\t<\/div>\n\t\t<\/section>\n\t\t\t\t<\/div>\n\t\t","protected":false},"excerpt":{"rendered":"<p>Valor do cursoR$ 297,00 (em at\u00e9 6x) Instrutor: Armando Sobre o curso Conteudos abordados Como funciona o curso ! Curriculo dos instrutores Aula Aberta Sobre o curso Objetivo Apresenta as estruturas e recursos b\u00e1sicos da linguagem Assembler para cria\u00e7\u00e3o de aplica\u00e7\u00f5es ou rotinas utilit\u00e1rias para melhoria de performance em programas&hellip;<\/p>\n","protected":false},"author":1,"featured_media":0,"parent":0,"menu_order":0,"comment_status":"closed","ping_status":"closed","template":"elementor_header_footer","meta":{"_monsterinsights_skip_tracking":false,"_monsterinsights_sitenote_active":false,"_monsterinsights_sitenote_note":"","_monsterinsights_sitenote_category":0,"footnotes":""},"class_list":["post-762","page","type-page","status-publish","hentry"],"_links":{"self":[{"href":"https:\/\/escoladeprogramadores.com.br\/2025\/wp-json\/wp\/v2\/pages\/762","targetHints":{"allow":["GET"]}}],"collection":[{"href":"https:\/\/escoladeprogramadores.com.br\/2025\/wp-json\/wp\/v2\/pages"}],"about":[{"href":"https:\/\/escoladeprogramadores.com.br\/2025\/wp-json\/wp\/v2\/types\/page"}],"author":[{"embeddable":true,"href":"https:\/\/escoladeprogramadores.com.br\/2025\/wp-json\/wp\/v2\/users\/1"}],"replies":[{"embeddable":true,"href":"https:\/\/escoladeprogramadores.com.br\/2025\/wp-json\/wp\/v2\/comments?post=762"}],"version-history":[{"count":61,"href":"https:\/\/escoladeprogramadores.com.br\/2025\/wp-json\/wp\/v2\/pages\/762\/revisions"}],"predecessor-version":[{"id":2668,"href":"https:\/\/escoladeprogramadores.com.br\/2025\/wp-json\/wp\/v2\/pages\/762\/revisions\/2668"}],"wp:attachment":[{"href":"https:\/\/escoladeprogramadores.com.br\/2025\/wp-json\/wp\/v2\/media?parent=762"}],"curies":[{"name":"wp","href":"https:\/\/api.w.org\/{rel}","templated":true}]}}