{"id":824,"date":"2019-12-27T18:23:04","date_gmt":"2019-12-27T21:23:04","guid":{"rendered":"http:\/\/escoladeprogramadores.com.br\/site\/?page_id=824"},"modified":"2025-08-18T20:05:49","modified_gmt":"2025-08-18T23:05:49","slug":"curso-de-dfsort","status":"publish","type":"page","link":"https:\/\/escoladeprogramadores.com.br\/2025\/curso-de-dfsort\/","title":{"rendered":"Curso de DFSORT"},"content":{"rendered":"\t\t<div data-elementor-type=\"wp-page\" data-elementor-id=\"824\" class=\"elementor elementor-824\">\n\t\t\t\t\t\t<section class=\"elementor-section elementor-top-section elementor-element elementor-element-6c6e55c9 elementor-section-boxed elementor-section-height-default elementor-section-height-default\" data-id=\"6c6e55c9\" data-element_type=\"section\">\n\t\t\t\t\t\t<div class=\"elementor-container elementor-column-gap-default\">\n\t\t\t\t\t<div class=\"elementor-column elementor-col-50 elementor-top-column elementor-element elementor-element-98a4fa0\" data-id=\"98a4fa0\" data-element_type=\"column\">\n\t\t\t<div class=\"elementor-widget-wrap elementor-element-populated\">\n\t\t\t\t\t\t<div class=\"elementor-element elementor-element-727fc1e1 elementor-widget elementor-widget-image\" data-id=\"727fc1e1\" data-element_type=\"widget\" data-widget_type=\"image.default\">\n\t\t\t\t<div class=\"elementor-widget-container\">\n\t\t\t\t\t\t\t\t\t\t\t\t\t\t\t<img fetchpriority=\"high\" decoding=\"async\" width=\"340\" height=\"171\" src=\"https:\/\/escoladeprogramadores.com.br\/2025\/wp-content\/uploads\/2019\/12\/DFSORTl_miniBannerFinal.jpg\" class=\"attachment-large size-large wp-image-646\" alt=\"\" srcset=\"https:\/\/escoladeprogramadores.com.br\/2025\/wp-content\/uploads\/2019\/12\/DFSORTl_miniBannerFinal.jpg 340w, https:\/\/escoladeprogramadores.com.br\/2025\/wp-content\/uploads\/2019\/12\/DFSORTl_miniBannerFinal-300x151.jpg 300w\" sizes=\"(max-width: 340px) 100vw, 340px\" \/>\t\t\t\t\t\t\t\t\t\t\t\t\t\t\t<\/div>\n\t\t\t\t<\/div>\n\t\t\t\t\t<\/div>\n\t\t<\/div>\n\t\t\t\t<div class=\"elementor-column elementor-col-50 elementor-top-column elementor-element elementor-element-b573e65\" data-id=\"b573e65\" data-element_type=\"column\">\n\t\t\t<div class=\"elementor-widget-wrap elementor-element-populated\">\n\t\t\t\t\t\t<div class=\"elementor-element elementor-element-51e796a9 elementor-widget elementor-widget-text-editor\" data-id=\"51e796a9\" data-element_type=\"widget\" data-widget_type=\"text-editor.default\">\n\t\t\t\t<div class=\"elementor-widget-container\">\n\t\t\t\t\t\t\t\t\t<h1><strong>Valor do curso <br><span style=\"color: #ff0000;\">R$ 209,00 <span style=\"font-size: 16px;\"> (em at\u00e9 4x) <\/span> <\/span><\/strong><\/h1>\n<p>Instrutores: Joao<\/p>\t\t\t\t\t\t\t\t<\/div>\n\t\t\t\t<\/div>\n\t\t\t\t\t<\/div>\n\t\t<\/div>\n\t\t\t\t\t<\/div>\n\t\t<\/section>\n\t\t\t\t<section class=\"elementor-section elementor-top-section elementor-element elementor-element-546f93a6 elementor-section-boxed elementor-section-height-default elementor-section-height-default\" data-id=\"546f93a6\" data-element_type=\"section\">\n\t\t\t\t\t\t<div class=\"elementor-container elementor-column-gap-default\">\n\t\t\t\t\t<div class=\"elementor-column elementor-col-100 elementor-top-column elementor-element elementor-element-797d3762\" data-id=\"797d3762\" data-element_type=\"column\">\n\t\t\t<div class=\"elementor-widget-wrap elementor-element-populated\">\n\t\t\t\t\t\t<div class=\"elementor-element elementor-element-4a99c7a9 elementor-tabs-view-horizontal elementor-widget elementor-widget-tabs\" data-id=\"4a99c7a9\" data-element_type=\"widget\" data-widget_type=\"tabs.default\">\n\t\t\t\t<div class=\"elementor-widget-container\">\n\t\t\t\t\t\t\t<div class=\"elementor-tabs\">\n\t\t\t<div class=\"elementor-tabs-wrapper\" role=\"tablist\" >\n\t\t\t\t\t\t\t\t\t<div id=\"elementor-tab-title-1251\" class=\"elementor-tab-title elementor-tab-desktop-title\" aria-selected=\"true\" data-tab=\"1\" role=\"tab\" tabindex=\"0\" aria-controls=\"elementor-tab-content-1251\" aria-expanded=\"false\">Sobre o curso<\/div>\n\t\t\t\t\t\t\t\t\t<div id=\"elementor-tab-title-1252\" class=\"elementor-tab-title elementor-tab-desktop-title\" aria-selected=\"false\" data-tab=\"2\" role=\"tab\" tabindex=\"-1\" aria-controls=\"elementor-tab-content-1252\" aria-expanded=\"false\">Conteudos abordados<\/div>\n\t\t\t\t\t\t\t\t\t<div id=\"elementor-tab-title-1253\" class=\"elementor-tab-title elementor-tab-desktop-title\" aria-selected=\"false\" data-tab=\"3\" role=\"tab\" tabindex=\"-1\" aria-controls=\"elementor-tab-content-1253\" aria-expanded=\"false\">Como funciona o curso !<\/div>\n\t\t\t\t\t\t\t\t\t<div id=\"elementor-tab-title-1254\" class=\"elementor-tab-title elementor-tab-desktop-title\" aria-selected=\"false\" data-tab=\"4\" role=\"tab\" tabindex=\"-1\" aria-controls=\"elementor-tab-content-1254\" aria-expanded=\"false\">Curriculo dos instrutores<\/div>\n\t\t\t\t\t\t\t\t\t<div id=\"elementor-tab-title-1255\" class=\"elementor-tab-title elementor-tab-desktop-title\" aria-selected=\"false\" data-tab=\"5\" role=\"tab\" tabindex=\"-1\" aria-controls=\"elementor-tab-content-1255\" aria-expanded=\"false\">Aula Aberta<\/div>\n\t\t\t\t\t\t\t<\/div>\n\t\t\t<div class=\"elementor-tabs-content-wrapper\" role=\"tablist\" aria-orientation=\"vertical\">\n\t\t\t\t\t\t\t\t\t<div class=\"elementor-tab-title elementor-tab-mobile-title\" aria-selected=\"true\" data-tab=\"1\" role=\"tab\" tabindex=\"0\" aria-controls=\"elementor-tab-content-1251\" aria-expanded=\"false\">Sobre o curso<\/div>\n\t\t\t\t\t<div id=\"elementor-tab-content-1251\" class=\"elementor-tab-content elementor-clearfix\" data-tab=\"1\" role=\"tabpanel\" aria-labelledby=\"elementor-tab-title-1251\" tabindex=\"0\" hidden=\"false\"><div><div><h5><strong>Objetivo<\/strong><\/h5><p>O curso enfoca a utiliza\u00e7\u00e3o dos recursos existentes no DFSORT , visando substituir necessidades espec\u00edficas de programa\u00e7\u00e3o, melhorar a performance das aplica\u00e7\u00f5es e aumentar a produtividade das equipes.<\/p><h5><strong>Publico Alvo<\/strong><\/h5><p>Suporte, Produ\u00e7\u00e3o e Desenvolvimento\u00a0<\/p><\/div><h5><strong>Pr\u00e9-Requisitos<\/strong><\/h5><p>Conhecimento de TSO<\/p><h5><strong>Equipamentos necess\u00e1rios:<\/strong><\/h5><p>Computador ou tablet com acesso a qualquer navegador WEB com 1GB mem\u00f3ria<\/p><div><h5><strong>Carga Horaria: <\/strong><\/h5><p>16 horas &#8211;\u00a0 ( Tempo previsto para conclus\u00e3o do curso e suporte as duvidas de 01 mes \/ <strong>As video aulas s\u00e3o vitalicias<\/strong> )<\/p><p>Todo o conteudo \u00e9 ministrado com video-aulas onde professor conduz cada aula com a conceituacao teorica e em seguida propoe a atividade pratica , que poder\u00e1 ser feita (dependendo do curso) na maquina do aluno ou no ambiente PRATICO\u00a0 exclusivamente educacional disponibilizado .O sucesso do curso esta no acompanhamento destas aulas e a disciplina de assistir e fazer os exercicios.<\/p><p><b>Observa\u00e7\u00e3o:<\/b> O acesso as aulas e laborat\u00f3rio pr\u00e1tico ser\u00e1 enviado por email em at\u00e9 04 (quatro) horas ap\u00f3s a confirma\u00e7\u00e3o da compra.\u00a0<\/p><\/div><\/div><\/div>\n\t\t\t\t\t\t\t\t\t<div class=\"elementor-tab-title elementor-tab-mobile-title\" aria-selected=\"false\" data-tab=\"2\" role=\"tab\" tabindex=\"-1\" aria-controls=\"elementor-tab-content-1252\" aria-expanded=\"false\">Conteudos abordados<\/div>\n\t\t\t\t\t<div id=\"elementor-tab-content-1252\" class=\"elementor-tab-content elementor-clearfix\" data-tab=\"2\" role=\"tabpanel\" aria-labelledby=\"elementor-tab-title-1252\" tabindex=\"0\" hidden=\"hidden\"><h4><span style=\"color: #000000;\"><strong>M\u00f3dulo: Breve revis\u00e3o do JCL<\/strong><\/span><\/h4><p><span style=\"color: #999999;\"><em>Recordar algumas as principais regras e conceitos de JCL<\/em><\/span><\/p><ul><li>ESTRUTURA (SINTAXE, REGRAS)<\/li><li>CLASSES DE EXECUCAO\/SAIDA<\/li><li>BIBLIOTECAS (STEP,JOB,PROC) &#8211; CRIA\u00c7\u00c3O DE PROCEDURES<\/li><li>ARQUIVO DE DADOS \/ CONCATENACAO (DDs)<\/li><\/ul><h4><span style=\"color: #000000;\"><strong>M\u00f3dulo: Opera\u00e7\u00f5es b\u00e1sicas com registros<\/strong><\/span><\/h4><ul><li>Classficando (SORT)<\/li><li>Somando(SUM )<\/li><li>Copiando (COPY)<\/li><li>Mesclando (MERGE)<\/li><li>Formatando (CH,BI,ZO,FI,PD)<\/li><li>Recortando\/Construindo (INREC E OUTREC)<\/li><li>Eliminando os duplicados (SUM=NONE)<\/li><\/ul><h4><strong><span style=\"color: #000000;\">M\u00f3dulo: Opera\u00e7\u00f5es avan\u00e7adas<\/span><\/strong><\/h4><ul><li>&#8211; Processar subconjuntos de registros<\/li><li>Gerar m\u00faltiplos arquivos id\u00eanticos ou diferentes<\/li><li>Dividir arquivos<\/li><li>Unir registros de dois arquivos<\/li><li>Inserir nos registros: brancos, caracteres, datas,hora, sequ\u00eancia &#8211;<br \/>num\u00e9rica, resultado de opera\u00e7\u00f5es aritm\u00e9ticas, etc<\/li><li>Editar, remover e reordenar campos no registro<\/li><li>Substituir valores dos campos<\/li><li>Executar opera\u00e7\u00f5es aritm\u00e9ticas com\/entre os campos<\/li><li>Operadores abordados:<br \/>&#8211; CHANGE, NOMATCH,OVERLAY, IF\/THEN, INCLUDE E OMIT, OUTFIL, FNAMES,MERGE<\/li><\/ul><hr \/><p><strong>IMPORTANTE : O curso contratado \u00e9 composto por VIDEO AULAS e apostilas de apoio.<\/strong><br \/><strong>Os exercicios propostos pelo professor podem ser exercitados em qualquer ambiente que possua TSO e JCL .<\/strong><br \/><strong>Oferecemos aos alunos acesso a um ambiente EXCLUSIVAMENTE educacional para pratica desses exercicios.<\/strong><br \/><strong><i>Esse ambiente n\u00e3o faz parte da compra do curso e sim \u00e9 oferecido como apoio apenas a fixacao dos exercicios.<\/i><\/strong><\/p><\/div>\n\t\t\t\t\t\t\t\t\t<div class=\"elementor-tab-title elementor-tab-mobile-title\" aria-selected=\"false\" data-tab=\"3\" role=\"tab\" tabindex=\"-1\" aria-controls=\"elementor-tab-content-1253\" aria-expanded=\"false\">Como funciona o curso !<\/div>\n\t\t\t\t\t<div id=\"elementor-tab-content-1253\" class=\"elementor-tab-content elementor-clearfix\" data-tab=\"3\" role=\"tabpanel\" aria-labelledby=\"elementor-tab-title-1253\" tabindex=\"0\" hidden=\"hidden\"><div style=\"padding: 52.81% 0 0 0; position: relative;\"><iframe style=\"position: absolute; top: 0; left: 0; width: 100%; height: 100%;\" data-src=\"https:\/\/player.vimeo.com\/video\/382325048?autoplay=0&amp;loop=0&amp;color=ffffff&amp;title=0&amp;byline=0&amp;portrait=0\" frameborder=\"0\" allowfullscreen=\"allowfullscreen\" src=\"data:image\/svg+xml;base64,PHN2ZyB3aWR0aD0iMSIgaGVpZ2h0PSIxIiB4bWxucz0iaHR0cDovL3d3dy53My5vcmcvMjAwMC9zdmciPjwvc3ZnPg==\" class=\"lazyload\" data-load-mode=\"1\"><\/iframe><\/div><p><script src=\"https:\/\/player.vimeo.com\/api\/player.js\"><\/script><\/p><\/div>\n\t\t\t\t\t\t\t\t\t<div class=\"elementor-tab-title elementor-tab-mobile-title\" aria-selected=\"false\" data-tab=\"4\" role=\"tab\" tabindex=\"-1\" aria-controls=\"elementor-tab-content-1254\" aria-expanded=\"false\">Curriculo dos instrutores<\/div>\n\t\t\t\t\t<div id=\"elementor-tab-content-1254\" class=\"elementor-tab-content elementor-clearfix\" data-tab=\"4\" role=\"tabpanel\" aria-labelledby=\"elementor-tab-title-1254\" tabindex=\"0\" hidden=\"hidden\"><p><img decoding=\"async\" class=\"alignnone wp-image-603 lazyload\" data-src=\"http:\/\/escoladeprogramadores.com.br\/site\/wp-content\/uploads\/2019\/12\/avatar_instrutor.jpg\" alt=\"\" width=\"53\" height=\"51\" src=\"data:image\/svg+xml;base64,PHN2ZyB3aWR0aD0iMSIgaGVpZ2h0PSIxIiB4bWxucz0iaHR0cDovL3d3dy53My5vcmcvMjAwMC9zdmciPjwvc3ZnPg==\" style=\"--smush-placeholder-width: 53px; --smush-placeholder-aspect-ratio: 53\/51;\" \/> \u00a0 <strong>Joao Petrucci<\/strong>\u00a0&#8211; grande apreciador de caf\u00e9 e com longas est\u00f3rias de implanta\u00e7\u00f5es de sistemas \u00e9 desenvolvedor Cobol h\u00e1 20 anos, DBA SQL h\u00e1 10 anos\u00a0 e professor universit\u00e1rio.\u00a0 Atualmente no segmento banc\u00e1rio \u00e9 respons\u00e1vel pela gest\u00e3o de sistemas e implanta\u00e7\u00e3o de arquitetura para troca com dados com outros segmentos.<\/p><p>Instrutor dos cursos de <strong>DFSORT, ICETOOL , SQL e QMF<\/strong><\/p><\/div>\n\t\t\t\t\t\t\t\t\t<div class=\"elementor-tab-title elementor-tab-mobile-title\" aria-selected=\"false\" data-tab=\"5\" role=\"tab\" tabindex=\"-1\" aria-controls=\"elementor-tab-content-1255\" aria-expanded=\"false\">Aula Aberta<\/div>\n\t\t\t\t\t<div id=\"elementor-tab-content-1255\" class=\"elementor-tab-content elementor-clearfix\" data-tab=\"5\" role=\"tabpanel\" aria-labelledby=\"elementor-tab-title-1255\" tabindex=\"0\" hidden=\"hidden\"><div style=\"padding: 52.81% 0 0 0; position: relative;\"><iframe style=\"position: absolute; top: 0; left: 0; width: 100%; height: 100%;\" data-src=\"https:\/\/player.vimeo.com\/video\/422575384?autoplay=0&amp;loop=0&amp;color=ffffff&amp;title=0&amp;byline=0&amp;portrait=0\" frameborder=\"0\" allowfullscreen=\"allowfullscreen\" src=\"data:image\/svg+xml;base64,PHN2ZyB3aWR0aD0iMSIgaGVpZ2h0PSIxIiB4bWxucz0iaHR0cDovL3d3dy53My5vcmcvMjAwMC9zdmciPjwvc3ZnPg==\" class=\"lazyload\" data-load-mode=\"1\"><\/iframe><\/div><p><script src=\"https:\/\/player.vimeo.com\/api\/player.js\"><\/script><\/p><\/div>\n\t\t\t\t\t\t\t<\/div>\n\t\t<\/div>\n\t\t\t\t\t\t<\/div>\n\t\t\t\t<\/div>\n\t\t\t\t\t<\/div>\n\t\t<\/div>\n\t\t\t\t\t<\/div>\n\t\t<\/section>\n\t\t\t\t<section class=\"elementor-section elementor-top-section elementor-element elementor-element-4c34506a elementor-section-boxed elementor-section-height-default elementor-section-height-default\" data-id=\"4c34506a\" data-element_type=\"section\">\n\t\t\t\t\t\t<div class=\"elementor-container elementor-column-gap-default\">\n\t\t\t\t\t<div class=\"elementor-column elementor-col-100 elementor-top-column elementor-element elementor-element-d25d9e5\" data-id=\"d25d9e5\" data-element_type=\"column\">\n\t\t\t<div class=\"elementor-widget-wrap\">\n\t\t\t\t\t\t\t<\/div>\n\t\t<\/div>\n\t\t\t\t\t<\/div>\n\t\t<\/section>\n\t\t\t\t<section class=\"elementor-section elementor-top-section elementor-element elementor-element-6820114d elementor-section-boxed elementor-section-height-default elementor-section-height-default\" data-id=\"6820114d\" data-element_type=\"section\">\n\t\t\t\t\t\t<div class=\"elementor-container elementor-column-gap-default\">\n\t\t\t\t\t<div class=\"elementor-column elementor-col-100 elementor-top-column elementor-element elementor-element-78649b70\" data-id=\"78649b70\" data-element_type=\"column\">\n\t\t\t<div class=\"elementor-widget-wrap elementor-element-populated\">\n\t\t\t\t\t\t<div class=\"elementor-element elementor-element-7690ecc elementor-widget elementor-widget-html\" data-id=\"7690ecc\" data-element_type=\"widget\" data-widget_type=\"html.default\">\n\t\t\t\t<div class=\"elementor-widget-container\">\n\t\t\t\t\t<!-- INICIO DO BOTAO PAGSEGURO --><a href=\"https:\/\/pag.ae\/7_YfdgaTK\/button\" target=\"_blank\" title=\"Pagar com PagSeguro\"><img decoding=\"async\" data-src=\"\/\/assets.pagseguro.com.br\/ps-integration-assets\/botoes\/pagamentos\/205x30-pagar-azul.gif\" alt=\"Pague com PagSeguro - \u00e9 r\u00e1pido, gr\u00e1tis e seguro!\" src=\"data:image\/svg+xml;base64,PHN2ZyB3aWR0aD0iMSIgaGVpZ2h0PSIxIiB4bWxucz0iaHR0cDovL3d3dy53My5vcmcvMjAwMC9zdmciPjwvc3ZnPg==\" class=\"lazyload\" \/><\/a><!-- FIM DO BOTAO PAGSEGURO -->\t\t\t\t<\/div>\n\t\t\t\t<\/div>\n\t\t\t\t<div class=\"elementor-element elementor-element-7457f3f8 elementor-widget-divider--view-line elementor-widget elementor-widget-divider\" data-id=\"7457f3f8\" data-element_type=\"widget\" data-widget_type=\"divider.default\">\n\t\t\t\t<div class=\"elementor-widget-container\">\n\t\t\t\t\t\t\t<div class=\"elementor-divider\">\n\t\t\t<span class=\"elementor-divider-separator\">\n\t\t\t\t\t\t<\/span>\n\t\t<\/div>\n\t\t\t\t\t\t<\/div>\n\t\t\t\t<\/div>\n\t\t\t\t\t<\/div>\n\t\t<\/div>\n\t\t\t\t\t<\/div>\n\t\t<\/section>\n\t\t\t\t<section class=\"elementor-section elementor-top-section elementor-element elementor-element-4efbbb4d elementor-section-boxed elementor-section-height-default elementor-section-height-default\" data-id=\"4efbbb4d\" data-element_type=\"section\">\n\t\t\t\t\t\t<div class=\"elementor-container elementor-column-gap-default\">\n\t\t\t\t\t<div class=\"elementor-column elementor-col-100 elementor-top-column elementor-element elementor-element-5f02eb3d\" data-id=\"5f02eb3d\" data-element_type=\"column\">\n\t\t\t<div class=\"elementor-widget-wrap elementor-element-populated\">\n\t\t\t\t\t\t<div class=\"elementor-element elementor-element-1c6b3519 elementor-widget elementor-widget-text-editor\" data-id=\"1c6b3519\" data-element_type=\"widget\" data-widget_type=\"text-editor.default\">\n\t\t\t\t<div class=\"elementor-widget-container\">\n\t\t\t\t\t\t\t\t\t<p>\u00a0<\/p><p>\u00a0<\/p>\t\t\t\t\t\t\t\t<\/div>\n\t\t\t\t<\/div>\n\t\t\t\t\t<\/div>\n\t\t<\/div>\n\t\t\t\t\t<\/div>\n\t\t<\/section>\n\t\t\t\t<\/div>\n\t\t","protected":false},"excerpt":{"rendered":"<p>Valor do curso R$ 209,00 (em at\u00e9 4x) Instrutores: Joao Sobre o curso Conteudos abordados Como funciona o curso ! Curriculo dos instrutores Aula Aberta Sobre o curso Objetivo O curso enfoca a utiliza\u00e7\u00e3o dos recursos existentes no DFSORT , visando substituir necessidades espec\u00edficas de programa\u00e7\u00e3o, melhorar a performance das&hellip;<\/p>\n","protected":false},"author":1,"featured_media":0,"parent":0,"menu_order":0,"comment_status":"closed","ping_status":"closed","template":"elementor_header_footer","meta":{"_monsterinsights_skip_tracking":false,"_monsterinsights_sitenote_active":false,"_monsterinsights_sitenote_note":"","_monsterinsights_sitenote_category":0,"footnotes":""},"class_list":["post-824","page","type-page","status-publish","hentry"],"_links":{"self":[{"href":"https:\/\/escoladeprogramadores.com.br\/2025\/wp-json\/wp\/v2\/pages\/824","targetHints":{"allow":["GET"]}}],"collection":[{"href":"https:\/\/escoladeprogramadores.com.br\/2025\/wp-json\/wp\/v2\/pages"}],"about":[{"href":"https:\/\/escoladeprogramadores.com.br\/2025\/wp-json\/wp\/v2\/types\/page"}],"author":[{"embeddable":true,"href":"https:\/\/escoladeprogramadores.com.br\/2025\/wp-json\/wp\/v2\/users\/1"}],"replies":[{"embeddable":true,"href":"https:\/\/escoladeprogramadores.com.br\/2025\/wp-json\/wp\/v2\/comments?post=824"}],"version-history":[{"count":36,"href":"https:\/\/escoladeprogramadores.com.br\/2025\/wp-json\/wp\/v2\/pages\/824\/revisions"}],"predecessor-version":[{"id":2698,"href":"https:\/\/escoladeprogramadores.com.br\/2025\/wp-json\/wp\/v2\/pages\/824\/revisions\/2698"}],"wp:attachment":[{"href":"https:\/\/escoladeprogramadores.com.br\/2025\/wp-json\/wp\/v2\/media?parent=824"}],"curies":[{"name":"wp","href":"https:\/\/api.w.org\/{rel}","templated":true}]}}